{"id":12287,"date":"2020-01-27T13:56:44","date_gmt":"2020-01-27T12:56:44","guid":{"rendered":"http:\/\/jacquemond-france.com\/?page_id=12287"},"modified":"2022-11-28T09:33:10","modified_gmt":"2022-11-28T08:33:10","slug":"sculpture-911-fibre","status":"publish","type":"page","link":"https:\/\/jacquemond-france.com\/index.php\/sculpture-911-fibre\/","title":{"rendered":"Sculpture 911"},"content":{"rendered":"\t\t<div data-elementor-type=\"wp-post\" data-elementor-id=\"12287\" class=\"elementor elementor-12287\" data-elementor-post-type=\"page\">\n\t\t\t\t\t\t<section class=\"elementor-section elementor-top-section elementor-element elementor-element-370ed5f elementor-section-stretched elementor-section-boxed elementor-section-height-default elementor-section-height-default\" data-id=\"370ed5f\" data-element_type=\"section\" data-settings=\"{&quot;stretch_section&quot;:&quot;section-stretched&quot;,&quot;background_background&quot;:&quot;classic&quot;}\">\n\t\t\t\t\t\t\t<div class=\"elementor-background-overlay\"><\/div>\n\t\t\t\t\t\t\t<div class=\"elementor-container elementor-column-gap-default\">\n\t\t\t\t\t<div class=\"elementor-column elementor-col-50 elementor-top-column elementor-element elementor-element-cca3a0c\" data-id=\"cca3a0c\" data-element_type=\"column\">\n\t\t\t<div class=\"elementor-widget-wrap elementor-element-populated\">\n\t\t\t\t\t\t<div class=\"elementor-element elementor-element-344a3d7 elementor-widget elementor-widget-heading\" data-id=\"344a3d7\" data-element_type=\"widget\" data-widget_type=\"heading.default\">\n\t\t\t\t<div class=\"elementor-widget-container\">\n\t\t\t\t\t<h2 class=\"elementor-heading-title elementor-size-default\">Sculpture 911 <\/h2>\t\t\t\t<\/div>\n\t\t\t\t<\/div>\n\t\t\t\t<div class=\"elementor-element elementor-element-48e54b9 elementor-widget elementor-widget-heading\" data-id=\"48e54b9\" data-element_type=\"widget\" data-widget_type=\"heading.default\">\n\t\t\t\t<div class=\"elementor-widget-container\">\n\t\t\t\t\t<h2 class=\"elementor-heading-title elementor-size-default\">comptes 6068 \u00ab Autres mati\u00e8res et fournitures \u00bb<\/h2>\t\t\t\t<\/div>\n\t\t\t\t<\/div>\n\t\t\t\t<div class=\"elementor-element elementor-element-19e11d4 elementor-invisible elementor-widget elementor-widget-heading\" data-id=\"19e11d4\" data-element_type=\"widget\" data-settings=\"{&quot;_animation&quot;:&quot;rotateInUpLeft&quot;}\" data-widget_type=\"heading.default\">\n\t\t\t\t<div class=\"elementor-widget-container\">\n\t\t\t\t\t<h2 class=\"elementor-heading-title elementor-size-default\">pour les v\u00e9ritables <b>passionn\u00e9s<\/b> de la marque <b>Porsche<\/b>, et de la <b>911<\/b> en particulier.<\/h2>\t\t\t\t<\/div>\n\t\t\t\t<\/div>\n\t\t\t\t<div class=\"elementor-element elementor-element-ff67485 elementor-widget elementor-widget-image\" data-id=\"ff67485\" data-element_type=\"widget\" data-widget_type=\"image.default\">\n\t\t\t\t<div class=\"elementor-widget-container\">\n\t\t\t\t\t\t\t\t\t\t\t\t\t\t\t<img fetchpriority=\"high\" decoding=\"async\" width=\"525\" height=\"424\" src=\"https:\/\/jacquemond-france.com\/wp-content\/uploads\/2022\/03\/scygo.jpg\" class=\"attachment-large size-large wp-image-19017\" alt=\"Sculpture-911 par Jacquemond\" srcset=\"https:\/\/jacquemond-france.com\/wp-content\/uploads\/2022\/03\/scygo.jpg 1000w, https:\/\/jacquemond-france.com\/wp-content\/uploads\/2022\/03\/scygo-300x242.jpg 300w, https:\/\/jacquemond-france.com\/wp-content\/uploads\/2022\/03\/scygo-768x620.jpg 768w, https:\/\/jacquemond-france.com\/wp-content\/uploads\/2022\/03\/scygo-350x282.jpg 350w\" sizes=\"100vw\" \/>\t\t\t\t\t\t\t\t\t\t\t\t\t\t\t<\/div>\n\t\t\t\t<\/div>\n\t\t\t\t<div class=\"elementor-element elementor-element-0057b52 elementor-widget elementor-widget-spacer\" data-id=\"0057b52\" data-element_type=\"widget\" data-widget_type=\"spacer.default\">\n\t\t\t\t<div class=\"elementor-widget-container\">\n\t\t\t\t\t\t\t<div class=\"elementor-spacer\">\n\t\t\t<div class=\"elementor-spacer-inner\"><\/div>\n\t\t<\/div>\n\t\t\t\t\t\t<\/div>\n\t\t\t\t<\/div>\n\t\t\t\t\t<\/div>\n\t\t<\/div>\n\t\t\t\t<div class=\"elementor-column elementor-col-50 elementor-top-column elementor-element elementor-element-1c3af22\" data-id=\"1c3af22\" data-element_type=\"column\">\n\t\t\t<div class=\"elementor-widget-wrap elementor-element-populated\">\n\t\t\t\t\t\t<div class=\"elementor-element elementor-element-7c7acbc elementor-widget elementor-widget-image\" data-id=\"7c7acbc\" data-element_type=\"widget\" data-widget_type=\"image.default\">\n\t\t\t\t<div class=\"elementor-widget-container\">\n\t\t\t\t\t\t\t\t\t\t\t\t\t\t\t<img decoding=\"async\" width=\"525\" height=\"753\" src=\"https:\/\/jacquemond-france.com\/wp-content\/uploads\/2020\/01\/s81d-714x1024.png\" class=\"attachment-large size-large wp-image-12338\" alt=\"Sculpture 911 par Jacquemond\" srcset=\"https:\/\/jacquemond-france.com\/wp-content\/uploads\/2020\/01\/s81d-714x1024.png 714w, https:\/\/jacquemond-france.com\/wp-content\/uploads\/2020\/01\/s81d-350x502.png 350w, https:\/\/jacquemond-france.com\/wp-content\/uploads\/2020\/01\/s81d-209x300.png 209w, https:\/\/jacquemond-france.com\/wp-content\/uploads\/2020\/01\/s81d-768x1101.png 768w, https:\/\/jacquemond-france.com\/wp-content\/uploads\/2020\/01\/s81d.png 937w\" sizes=\"100vw\" \/>\t\t\t\t\t\t\t\t\t\t\t\t\t\t\t<\/div>\n\t\t\t\t<\/div>\n\t\t\t\t<div class=\"elementor-element elementor-element-34d8b1c elementor-widget elementor-widget-heading\" data-id=\"34d8b1c\" data-element_type=\"widget\" data-widget_type=\"heading.default\">\n\t\t\t\t<div class=\"elementor-widget-container\">\n\t\t\t\t\t<h2 class=\"elementor-heading-title elementor-size-default\">Dimensions : 56 x 25 cm, socle 67  x 42<\/h2>\t\t\t\t<\/div>\n\t\t\t\t<\/div>\n\t\t\t\t<div class=\"elementor-element elementor-element-5540a5a elementor-widget elementor-widget-heading\" data-id=\"5540a5a\" data-element_type=\"widget\" data-widget_type=\"heading.default\">\n\t\t\t\t<div class=\"elementor-widget-container\">\n\t\t\t\t\t<h2 class=\"elementor-heading-title elementor-size-default\">Fabriqu\u00e9es en France, dans nos ateliers.<\/h2>\t\t\t\t<\/div>\n\t\t\t\t<\/div>\n\t\t\t\t\t<\/div>\n\t\t<\/div>\n\t\t\t\t\t<\/div>\n\t\t<\/section>\n\t\t\t\t<section class=\"elementor-section elementor-top-section elementor-element elementor-element-2b2c2a6 elementor-section-stretched elementor-section-boxed elementor-section-height-default elementor-section-height-default\" data-id=\"2b2c2a6\" data-element_type=\"section\" data-settings=\"{&quot;stretch_section&quot;:&quot;section-stretched&quot;,&quot;background_background&quot;:&quot;classic&quot;}\">\n\t\t\t\t\t\t<div class=\"elementor-container elementor-column-gap-default\">\n\t\t\t\t\t<div class=\"elementor-column elementor-col-50 elementor-top-column elementor-element elementor-element-cc26a6c\" data-id=\"cc26a6c\" data-element_type=\"column\">\n\t\t\t<div class=\"elementor-widget-wrap elementor-element-populated\">\n\t\t\t\t\t\t<div class=\"elementor-element elementor-element-48ebe5d elementor-widget elementor-widget-image\" data-id=\"48ebe5d\" data-element_type=\"widget\" data-widget_type=\"image.default\">\n\t\t\t\t<div class=\"elementor-widget-container\">\n\t\t\t\t\t\t\t\t\t\t\t\t\t\t\t<img decoding=\"async\" width=\"525\" height=\"787\" src=\"https:\/\/jacquemond-france.com\/wp-content\/uploads\/2019\/05\/scug6-683x1024.jpg\" class=\"attachment-large size-large wp-image-9979\" alt=\"\" srcset=\"https:\/\/jacquemond-france.com\/wp-content\/uploads\/2019\/05\/scug6-683x1024.jpg 683w, https:\/\/jacquemond-france.com\/wp-content\/uploads\/2019\/05\/scug6-350x525.jpg 350w, https:\/\/jacquemond-france.com\/wp-content\/uploads\/2019\/05\/scug6-200x300.jpg 200w, https:\/\/jacquemond-france.com\/wp-content\/uploads\/2019\/05\/scug6-768x1152.jpg 768w, https:\/\/jacquemond-france.com\/wp-content\/uploads\/2019\/05\/scug6.jpg 1000w\" sizes=\"100vw\" \/>\t\t\t\t\t\t\t\t\t\t\t\t\t\t\t<\/div>\n\t\t\t\t<\/div>\n\t\t\t\t\t<\/div>\n\t\t<\/div>\n\t\t\t\t<div class=\"elementor-column elementor-col-50 elementor-top-column elementor-element elementor-element-132cd4a\" data-id=\"132cd4a\" data-element_type=\"column\">\n\t\t\t<div class=\"elementor-widget-wrap elementor-element-populated\">\n\t\t\t\t\t\t<div class=\"elementor-element elementor-element-1638c22 elementor-widget elementor-widget-image\" data-id=\"1638c22\" data-element_type=\"widget\" data-widget_type=\"image.default\">\n\t\t\t\t<div class=\"elementor-widget-container\">\n\t\t\t\t\t\t\t\t\t\t\t\t\t\t\t<img loading=\"lazy\" decoding=\"async\" width=\"525\" height=\"237\" src=\"https:\/\/jacquemond-france.com\/wp-content\/uploads\/2020\/01\/s83b-1024x462.png\" class=\"attachment-large size-large wp-image-12341\" alt=\"\" srcset=\"https:\/\/jacquemond-france.com\/wp-content\/uploads\/2020\/01\/s83b-1024x462.png 1024w, https:\/\/jacquemond-france.com\/wp-content\/uploads\/2020\/01\/s83b-350x158.png 350w, https:\/\/jacquemond-france.com\/wp-content\/uploads\/2020\/01\/s83b-300x135.png 300w, https:\/\/jacquemond-france.com\/wp-content\/uploads\/2020\/01\/s83b-768x347.png 768w, https:\/\/jacquemond-france.com\/wp-content\/uploads\/2020\/01\/s83b.png 1125w\" sizes=\"100vw\" \/>\t\t\t\t\t\t\t\t\t\t\t\t\t\t\t<\/div>\n\t\t\t\t<\/div>\n\t\t\t\t\t<\/div>\n\t\t<\/div>\n\t\t\t\t\t<\/div>\n\t\t<\/section>\n\t\t\t\t<section class=\"elementor-section elementor-top-section elementor-element elementor-element-e4860d2 elementor-section-stretched elementor-section-boxed elementor-section-height-default elementor-section-height-default\" data-id=\"e4860d2\" data-element_type=\"section\" data-settings=\"{&quot;stretch_section&quot;:&quot;section-stretched&quot;,&quot;background_background&quot;:&quot;classic&quot;}\">\n\t\t\t\t\t\t<div class=\"elementor-container elementor-column-gap-default\">\n\t\t\t\t\t<div class=\"elementor-column elementor-col-50 elementor-top-column elementor-element elementor-element-5a7dd07\" data-id=\"5a7dd07\" data-element_type=\"column\">\n\t\t\t<div class=\"elementor-widget-wrap elementor-element-populated\">\n\t\t\t\t\t\t<div class=\"elementor-element elementor-element-1895afb elementor-widget elementor-widget-image\" data-id=\"1895afb\" data-element_type=\"widget\" data-widget_type=\"image.default\">\n\t\t\t\t<div class=\"elementor-widget-container\">\n\t\t\t\t\t\t\t\t\t\t\t\t\t\t\t<img loading=\"lazy\" decoding=\"async\" width=\"525\" height=\"350\" src=\"https:\/\/jacquemond-france.com\/wp-content\/uploads\/2020\/01\/scubl-1024x682.jpg\" class=\"attachment-large size-large wp-image-12290\" alt=\"\" srcset=\"https:\/\/jacquemond-france.com\/wp-content\/uploads\/2020\/01\/scubl-1024x682.jpg 1024w, https:\/\/jacquemond-france.com\/wp-content\/uploads\/2020\/01\/scubl-350x233.jpg 350w, https:\/\/jacquemond-france.com\/wp-content\/uploads\/2020\/01\/scubl-300x200.jpg 300w, https:\/\/jacquemond-france.com\/wp-content\/uploads\/2020\/01\/scubl-768x512.jpg 768w, https:\/\/jacquemond-france.com\/wp-content\/uploads\/2020\/01\/scubl.jpg 2000w\" sizes=\"100vw\" \/>\t\t\t\t\t\t\t\t\t\t\t\t\t\t\t<\/div>\n\t\t\t\t<\/div>\n\t\t\t\t\t<\/div>\n\t\t<\/div>\n\t\t\t\t<div class=\"elementor-column elementor-col-50 elementor-top-column elementor-element elementor-element-828234c\" data-id=\"828234c\" data-element_type=\"column\">\n\t\t\t<div class=\"elementor-widget-wrap elementor-element-populated\">\n\t\t\t\t\t\t<div class=\"elementor-element elementor-element-b236e45 elementor-widget elementor-widget-heading\" data-id=\"b236e45\" data-element_type=\"widget\" data-widget_type=\"heading.default\">\n\t\t\t\t<div class=\"elementor-widget-container\">\n\t\t\t\t\t<h2 class=\"elementor-heading-title elementor-size-default\">Livr\u00e9e en gel-coat blanc.<br>Ou \u00e0 la couleur de votre propre 911.<br> Ou d\u00e9cor\u00e9e, ...<\/h2>\t\t\t\t<\/div>\n\t\t\t\t<\/div>\n\t\t\t\t<div class=\"elementor-element elementor-element-2ba80cb elementor-widget elementor-widget-heading\" data-id=\"2ba80cb\" data-element_type=\"widget\" data-widget_type=\"heading.default\">\n\t\t\t\t<div class=\"elementor-widget-container\">\n\t\t\t\t\t<h2 class=\"elementor-heading-title elementor-size-default\"><b>En Options,<\/b><br> socle bois, chevalet,  ...<\/h2>\t\t\t\t<\/div>\n\t\t\t\t<\/div>\n\t\t\t\t<div class=\"elementor-element elementor-element-b34a13b elementor-view-default elementor-invisible elementor-widget elementor-widget-icon\" data-id=\"b34a13b\" data-element_type=\"widget\" data-settings=\"{&quot;_animation&quot;:&quot;jello&quot;}\" data-widget_type=\"icon.default\">\n\t\t\t\t<div class=\"elementor-widget-container\">\n\t\t\t\t\t\t\t<div class=\"elementor-icon-wrapper\">\n\t\t\t<a class=\"elementor-icon\" href=\"mailto:jacquemonddesign@gmail.com?subject=Sculpture-911\">\n\t\t\t<i aria-hidden=\"true\" class=\"fas fa-envelope\"><\/i>\t\t\t<\/a>\n\t\t<\/div>\n\t\t\t\t\t\t<\/div>\n\t\t\t\t<\/div>\n\t\t\t\t\t<\/div>\n\t\t<\/div>\n\t\t\t\t\t<\/div>\n\t\t<\/section>\n\t\t\t\t<section class=\"elementor-section elementor-top-section elementor-element elementor-element-e6b6cec elementor-section-stretched elementor-section-boxed elementor-section-height-default elementor-section-height-default\" data-id=\"e6b6cec\" data-element_type=\"section\" data-settings=\"{&quot;stretch_section&quot;:&quot;section-stretched&quot;,&quot;background_background&quot;:&quot;classic&quot;,&quot;shape_divider_bottom&quot;:&quot;tilt&quot;}\">\n\t\t\t\t\t<div class=\"elementor-shape elementor-shape-bottom\" data-negative=\"false\">\n\t\t\t<svg xmlns=\"http:\/\/www.w3.org\/2000\/svg\" viewBox=\"0 0 1000 100\" preserveAspectRatio=\"none\">\n\t<path class=\"elementor-shape-fill\" d=\"M0,6V0h1000v100L0,6z\"\/>\n<\/svg>\t\t<\/div>\n\t\t\t\t\t<div class=\"elementor-container elementor-column-gap-default\">\n\t\t\t\t\t<div class=\"elementor-column elementor-col-50 elementor-top-column elementor-element elementor-element-6ada068\" data-id=\"6ada068\" data-element_type=\"column\">\n\t\t\t<div class=\"elementor-widget-wrap elementor-element-populated\">\n\t\t\t\t\t\t<div class=\"elementor-element elementor-element-90a8e8a elementor-widget elementor-widget-heading\" data-id=\"90a8e8a\" data-element_type=\"widget\" data-widget_type=\"heading.default\">\n\t\t\t\t<div class=\"elementor-widget-container\">\n\t\t\t\t\t<h2 class=\"elementor-heading-title elementor-size-default\">A installer sur un mur, un bureau, ou un chevalet, ...<\/h2>\t\t\t\t<\/div>\n\t\t\t\t<\/div>\n\t\t\t\t<div class=\"elementor-element elementor-element-7f332cf elementor-widget elementor-widget-image\" data-id=\"7f332cf\" data-element_type=\"widget\" data-widget_type=\"image.default\">\n\t\t\t\t<div class=\"elementor-widget-container\">\n\t\t\t\t\t\t\t\t\t\t\t\t\t\t\t<img loading=\"lazy\" decoding=\"async\" width=\"525\" height=\"444\" src=\"https:\/\/jacquemond-france.com\/wp-content\/uploads\/2020\/01\/s84-1024x866.png\" class=\"attachment-large size-large wp-image-12343\" alt=\"\" srcset=\"https:\/\/jacquemond-france.com\/wp-content\/uploads\/2020\/01\/s84-1024x866.png 1024w, https:\/\/jacquemond-france.com\/wp-content\/uploads\/2020\/01\/s84-350x296.png 350w, https:\/\/jacquemond-france.com\/wp-content\/uploads\/2020\/01\/s84-300x254.png 300w, https:\/\/jacquemond-france.com\/wp-content\/uploads\/2020\/01\/s84-768x649.png 768w, https:\/\/jacquemond-france.com\/wp-content\/uploads\/2020\/01\/s84.png 1140w\" sizes=\"100vw\" \/>\t\t\t\t\t\t\t\t\t\t\t\t\t\t\t<\/div>\n\t\t\t\t<\/div>\n\t\t\t\t\t<\/div>\n\t\t<\/div>\n\t\t\t\t<div class=\"elementor-column elementor-col-50 elementor-top-column elementor-element elementor-element-a2b37dd\" data-id=\"a2b37dd\" data-element_type=\"column\">\n\t\t\t<div class=\"elementor-widget-wrap elementor-element-populated\">\n\t\t\t\t\t\t<div class=\"elementor-element elementor-element-210887a elementor-widget elementor-widget-image\" data-id=\"210887a\" data-element_type=\"widget\" data-widget_type=\"image.default\">\n\t\t\t\t<div class=\"elementor-widget-container\">\n\t\t\t\t\t\t\t\t\t\t\t\t\t\t\t<img loading=\"lazy\" decoding=\"async\" width=\"525\" height=\"787\" src=\"https:\/\/jacquemond-france.com\/wp-content\/uploads\/2019\/05\/sc6-683x1024.jpg\" class=\"attachment-large size-large wp-image-9972\" alt=\"Sculpture 911 par Jacquemond\" srcset=\"https:\/\/jacquemond-france.com\/wp-content\/uploads\/2019\/05\/sc6-683x1024.jpg 683w, https:\/\/jacquemond-france.com\/wp-content\/uploads\/2019\/05\/sc6-350x525.jpg 350w, https:\/\/jacquemond-france.com\/wp-content\/uploads\/2019\/05\/sc6-200x300.jpg 200w, https:\/\/jacquemond-france.com\/wp-content\/uploads\/2019\/05\/sc6-768x1152.jpg 768w, https:\/\/jacquemond-france.com\/wp-content\/uploads\/2019\/05\/sc6.jpg 1000w\" sizes=\"100vw\" \/>\t\t\t\t\t\t\t\t\t\t\t\t\t\t\t<\/div>\n\t\t\t\t<\/div>\n\t\t\t\t\t<\/div>\n\t\t<\/div>\n\t\t\t\t\t<\/div>\n\t\t<\/section>\n\t\t\t\t<section class=\"elementor-section elementor-top-section elementor-element elementor-element-4aae253 elementor-section-stretched elementor-section-boxed elementor-section-height-default elementor-section-height-default\" data-id=\"4aae253\" data-element_type=\"section\" data-settings=\"{&quot;stretch_section&quot;:&quot;section-stretched&quot;}\">\n\t\t\t\t\t\t<div class=\"elementor-container elementor-column-gap-default\">\n\t\t\t\t\t<div class=\"elementor-column elementor-col-100 elementor-top-column elementor-element elementor-element-3832f64\" data-id=\"3832f64\" data-element_type=\"column\">\n\t\t\t<div class=\"elementor-widget-wrap elementor-element-populated\">\n\t\t\t\t\t\t<div class=\"elementor-element elementor-element-42c2c96 elementor-widget elementor-widget-image\" data-id=\"42c2c96\" data-element_type=\"widget\" data-widget_type=\"image.default\">\n\t\t\t\t<div class=\"elementor-widget-container\">\n\t\t\t\t\t\t\t\t\t\t\t\t\t\t\t<img loading=\"lazy\" decoding=\"async\" width=\"2000\" height=\"1333\" src=\"https:\/\/jacquemond-france.com\/wp-content\/uploads\/2021\/03\/gulfgd.jpg\" class=\"attachment-full size-full wp-image-15614\" alt=\"Sculpture 911 par Jacquemond\" srcset=\"https:\/\/jacquemond-france.com\/wp-content\/uploads\/2021\/03\/gulfgd.jpg 2000w, https:\/\/jacquemond-france.com\/wp-content\/uploads\/2021\/03\/gulfgd-350x233.jpg 350w, https:\/\/jacquemond-france.com\/wp-content\/uploads\/2021\/03\/gulfgd-300x200.jpg 300w, https:\/\/jacquemond-france.com\/wp-content\/uploads\/2021\/03\/gulfgd-1024x682.jpg 1024w, https:\/\/jacquemond-france.com\/wp-content\/uploads\/2021\/03\/gulfgd-768x512.jpg 768w, https:\/\/jacquemond-france.com\/wp-content\/uploads\/2021\/03\/gulfgd-1536x1024.jpg 1536w\" sizes=\"100vw\" \/>\t\t\t\t\t\t\t\t\t\t\t\t\t\t\t<\/div>\n\t\t\t\t<\/div>\n\t\t\t\t\t<\/div>\n\t\t<\/div>\n\t\t\t\t\t<\/div>\n\t\t<\/section>\n\t\t\t\t<\/div>\n\t\t","protected":false},"excerpt":{"rendered":"<p>Sculpture 911 comptes 6068 \u00ab Autres mati\u00e8res et fournitures \u00bb pour les v\u00e9ritables passionn\u00e9s de la marque Porsche, et de la 911 en particulier. Dimensions : 56 x 25 cm, socle 67 x 42 Fabriqu\u00e9es en France, dans nos ateliers. Livr\u00e9e en gel-coat blanc.Ou \u00e0 la couleur de votre propre 911. Ou d\u00e9cor\u00e9e, &#8230; En &hellip; <\/p>\n<p class=\"link-more\"><a href=\"https:\/\/jacquemond-france.com\/index.php\/sculpture-911-fibre\/\" class=\"more-link\">Continuer la lecture<span class=\"screen-reader-text\"> de &laquo;&nbsp;Sculpture 911&nbsp;&raquo;<\/span><\/a><\/p>\n","protected":false},"author":1,"featured_media":0,"parent":0,"menu_order":0,"comment_status":"closed","ping_status":"closed","template":"","meta":{"_monsterinsights_skip_tracking":false,"_monsterinsights_sitenote_active":false,"_monsterinsights_sitenote_note":"","_monsterinsights_sitenote_category":0,"footnotes":""},"class_list":["post-12287","page","type-page","status-publish","hentry"],"_links":{"self":[{"href":"https:\/\/jacquemond-france.com\/index.php\/wp-json\/wp\/v2\/pages\/12287","targetHints":{"allow":["GET"]}}],"collection":[{"href":"https:\/\/jacquemond-france.com\/index.php\/wp-json\/wp\/v2\/pages"}],"about":[{"href":"https:\/\/jacquemond-france.com\/index.php\/wp-json\/wp\/v2\/types\/page"}],"author":[{"embeddable":true,"href":"https:\/\/jacquemond-france.com\/index.php\/wp-json\/wp\/v2\/users\/1"}],"replies":[{"embeddable":true,"href":"https:\/\/jacquemond-france.com\/index.php\/wp-json\/wp\/v2\/comments?post=12287"}],"version-history":[{"count":104,"href":"https:\/\/jacquemond-france.com\/index.php\/wp-json\/wp\/v2\/pages\/12287\/revisions"}],"predecessor-version":[{"id":20916,"href":"https:\/\/jacquemond-france.com\/index.php\/wp-json\/wp\/v2\/pages\/12287\/revisions\/20916"}],"wp:attachment":[{"href":"https:\/\/jacquemond-france.com\/index.php\/wp-json\/wp\/v2\/media?parent=12287"}],"curies":[{"name":"wp","href":"https:\/\/api.w.org\/{rel}","templated":true}]}}