{"id":16623,"date":"2021-06-11T09:37:50","date_gmt":"2021-06-11T07:37:50","guid":{"rendered":"http:\/\/jacquemond-france.com\/?page_id=16623"},"modified":"2023-05-25T14:11:44","modified_gmt":"2023-05-25T12:11:44","slug":"demande-tarif-997","status":"publish","type":"page","link":"https:\/\/jacquemond-france.com\/index.php\/demande-tarif-997\/","title":{"rendered":"Demande Tarif 997"},"content":{"rendered":"\t\t<div data-elementor-type=\"wp-page\" data-elementor-id=\"16623\" class=\"elementor elementor-16623\" data-elementor-post-type=\"page\">\n\t\t\t\t\t\t<section class=\"elementor-section elementor-top-section elementor-element elementor-element-56eb6e7e elementor-section-height-min-height elementor-section-items-stretch elementor-section-stretched elementor-section-boxed elementor-section-height-default\" data-id=\"56eb6e7e\" data-element_type=\"section\" data-settings=\"{&quot;stretch_section&quot;:&quot;section-stretched&quot;,&quot;background_background&quot;:&quot;classic&quot;}\">\n\t\t\t\t\t\t<div class=\"elementor-container elementor-column-gap-no\">\n\t\t\t\t\t<div class=\"elementor-column elementor-col-100 elementor-top-column elementor-element elementor-element-615e63bf\" data-id=\"615e63bf\" data-element_type=\"column\">\n\t\t\t<div class=\"elementor-widget-wrap elementor-element-populated\">\n\t\t\t\t\t\t<div class=\"elementor-element elementor-element-489eee9d elementor-widget elementor-widget-heading\" data-id=\"489eee9d\" data-element_type=\"widget\" data-widget_type=\"heading.default\">\n\t\t\t\t<div class=\"elementor-widget-container\">\n\t\t\t\t\t<h1 class=\"elementor-heading-title elementor-size-default\">Demande de Tarification<br><b>Porsche 997<\/b><\/h1>\t\t\t\t<\/div>\n\t\t\t\t<\/div>\n\t\t\t\t\t<\/div>\n\t\t<\/div>\n\t\t\t\t\t<\/div>\n\t\t<\/section>\n\t\t\t\t<section class=\"elementor-section elementor-top-section elementor-element elementor-element-6097c90b elementor-section-height-min-height elementor-section-items-stretch elementor-section-stretched elementor-section-boxed elementor-section-height-default\" data-id=\"6097c90b\" data-element_type=\"section\" data-settings=\"{&quot;stretch_section&quot;:&quot;section-stretched&quot;,&quot;background_background&quot;:&quot;classic&quot;}\">\n\t\t\t\t\t\t<div class=\"elementor-container elementor-column-gap-default\">\n\t\t\t\t\t<div class=\"elementor-column elementor-col-100 elementor-top-column elementor-element elementor-element-24d3839d\" data-id=\"24d3839d\" data-element_type=\"column\">\n\t\t\t<div class=\"elementor-widget-wrap elementor-element-populated\">\n\t\t\t\t\t\t<div class=\"elementor-element elementor-element-84b01cb elementor-button-align-center elementor-widget elementor-widget-form\" data-id=\"84b01cb\" data-element_type=\"widget\" data-settings=\"{&quot;step_next_label&quot;:&quot;Suivant&quot;,&quot;step_previous_label&quot;:&quot;Pr\\u00e9c\\u00e9dent&quot;,&quot;button_width&quot;:&quot;100&quot;,&quot;step_type&quot;:&quot;number_text&quot;,&quot;step_icon_shape&quot;:&quot;circle&quot;}\" data-widget_type=\"form.default\">\n\t\t\t\t<div class=\"elementor-widget-container\">\n\t\t\t\t\t\t\t<form class=\"elementor-form\" method=\"post\" name=\"New Form\">\n\t\t\t<input type=\"hidden\" name=\"post_id\" value=\"16623\"\/>\n\t\t\t<input type=\"hidden\" name=\"form_id\" value=\"84b01cb\"\/>\n\t\t\t<input type=\"hidden\" name=\"referer_title\" value=\"\" \/>\n\n\t\t\t\n\t\t\t<div class=\"elementor-form-fields-wrapper elementor-labels-above\">\n\t\t\t\t\t\t\t\t<div class=\"elementor-field-type-text elementor-field-group elementor-column elementor-field-group-name elementor-col-33\">\n\t\t\t\t\t\t\t\t\t\t\t\t<label for=\"form-field-name\" class=\"elementor-field-label\">\n\t\t\t\t\t\t\t\tNom, pr\u00e9nom\t\t\t\t\t\t\t<\/label>\n\t\t\t\t\t\t\t\t\t\t\t\t\t\t<input size=\"1\" type=\"text\" name=\"form_fields[name]\" id=\"form-field-name\" class=\"elementor-field elementor-size-sm  elementor-field-textual\" placeholder=\"Dupont Pierre\">\n\t\t\t\t\t\t\t\t\t\t\t<\/div>\n\t\t\t\t\t\t\t\t<div class=\"elementor-field-type-email elementor-field-group elementor-column elementor-field-group-email elementor-col-33\">\n\t\t\t\t\t\t\t\t\t\t\t\t<label for=\"form-field-email\" class=\"elementor-field-label\">\n\t\t\t\t\t\t\t\tEmail\t\t\t\t\t\t\t<\/label>\n\t\t\t\t\t\t\t\t\t\t\t\t\t\t<input size=\"1\" type=\"email\" name=\"form_fields[email]\" id=\"form-field-email\" class=\"elementor-field elementor-size-sm  elementor-field-textual\" placeholder=\"Email\">\n\t\t\t\t\t\t\t\t\t\t\t<\/div>\n\t\t\t\t\t\t\t\t<div class=\"elementor-field-type-text elementor-field-group elementor-column elementor-field-group-field_5 elementor-col-33\">\n\t\t\t\t\t\t\t\t\t\t\t\t<label for=\"form-field-field_5\" class=\"elementor-field-label\">\n\t\t\t\t\t\t\t\tNum\u00e9ro de t\u00e9l\u00e9phone\t\t\t\t\t\t\t<\/label>\n\t\t\t\t\t\t\t\t\t\t\t\t\t\t<input size=\"1\" type=\"text\" name=\"form_fields[field_5]\" id=\"form-field-field_5\" class=\"elementor-field elementor-size-sm  elementor-field-textual\" placeholder=\"06 ...\">\n\t\t\t\t\t\t\t\t\t\t\t<\/div>\n\t\t\t\t\t\t\t\t<div class=\"elementor-field-type-radio elementor-field-group elementor-column elementor-field-group-message elementor-col-33\">\n\t\t\t\t\t\t\t\t\t\t\t\t<label for=\"form-field-message\" class=\"elementor-field-label\">\n\t\t\t\t\t\t\t\tQuel modele possedez vous ?\t\t\t\t\t\t\t<\/label>\n\t\t\t\t\t\t<div class=\"elementor-field-subgroup  \"><span class=\"elementor-field-option\"><input type=\"radio\" value=\"Carrera \/S \/4 \/4S\" id=\"form-field-message-0\" name=\"form_fields[message]\"> <label for=\"form-field-message-0\">Carrera \/S \/4 \/4S<\/label><\/span><span class=\"elementor-field-option\"><input type=\"radio\" value=\"Turbo\" id=\"form-field-message-1\" name=\"form_fields[message]\"> <label for=\"form-field-message-1\">Turbo<\/label><\/span><\/div>\t\t\t\t<\/div>\n\t\t\t\t\t\t\t\t<div class=\"elementor-field-type-radio elementor-field-group elementor-column elementor-field-group-field_2 elementor-col-33\">\n\t\t\t\t\t\t\t\t\t\t\t\t<label for=\"form-field-field_2\" class=\"elementor-field-label\">\n\t\t\t\t\t\t\t\tPlus pr\u00e9cis\u00e9ment\t\t\t\t\t\t\t<\/label>\n\t\t\t\t\t\t<div class=\"elementor-field-subgroup  \"><span class=\"elementor-field-option\"><input type=\"radio\" value=\"Mod\u00e8le Mk1 (-2008)\" id=\"form-field-field_2-0\" name=\"form_fields[field_2]\"> <label for=\"form-field-field_2-0\">Mod\u00e8le Mk1 (-2008)<\/label><\/span><span class=\"elementor-field-option\"><input type=\"radio\" value=\"Mod\u00e8le Mk2 (2009-)\" id=\"form-field-field_2-1\" name=\"form_fields[field_2]\"> <label for=\"form-field-field_2-1\">Mod\u00e8le Mk2 (2009-)<\/label><\/span><\/div>\t\t\t\t<\/div>\n\t\t\t\t\t\t\t\t<div class=\"elementor-field-type-radio elementor-field-group elementor-column elementor-field-group-field_3 elementor-col-33\">\n\t\t\t\t\t\t\t\t\t\t\t\t<label for=\"form-field-field_3\" class=\"elementor-field-label\">\n\t\t\t\t\t\t\t\tCarrosserie ?\t\t\t\t\t\t\t<\/label>\n\t\t\t\t\t\t<div class=\"elementor-field-subgroup  elementor-subgroup-inline\"><span class=\"elementor-field-option\"><input type=\"radio\" value=\"coup\u00e9\" id=\"form-field-field_3-0\" name=\"form_fields[field_3]\"> <label for=\"form-field-field_3-0\">coup\u00e9<\/label><\/span><span class=\"elementor-field-option\"><input type=\"radio\" value=\"cabriolet\" id=\"form-field-field_3-1\" name=\"form_fields[field_3]\"> <label for=\"form-field-field_3-1\">cabriolet<\/label><\/span><span class=\"elementor-field-option\"><input type=\"radio\" value=\"Targa\" id=\"form-field-field_3-2\" name=\"form_fields[field_3]\"> <label for=\"form-field-field_3-2\">Targa<\/label><\/span><\/div>\t\t\t\t<\/div>\n\t\t\t\t\t\t\t\t<div class=\"elementor-field-type-radio elementor-field-group elementor-column elementor-field-group-4aba5b5 elementor-col-50\">\n\t\t\t\t\t\t\t\t\t\t\t\t<label for=\"form-field-4aba5b5\" class=\"elementor-field-label\">\n\t\t\t\t\t\t\t\tEtes vous int\u00e9ress\u00e9 par le montage dans nos ateliers ?\t\t\t\t\t\t\t<\/label>\n\t\t\t\t\t\t<div class=\"elementor-field-subgroup  elementor-subgroup-inline\"><span class=\"elementor-field-option\"><input type=\"radio\" value=\"oui\" id=\"form-field-4aba5b5-0\" name=\"form_fields[4aba5b5]\"> <label for=\"form-field-4aba5b5-0\">oui<\/label><\/span><span class=\"elementor-field-option\"><input type=\"radio\" value=\"non\" id=\"form-field-4aba5b5-1\" name=\"form_fields[4aba5b5]\"> <label for=\"form-field-4aba5b5-1\">non<\/label><\/span><span class=\"elementor-field-option\"><input type=\"radio\" value=\"ne sais pas\" id=\"form-field-4aba5b5-2\" name=\"form_fields[4aba5b5]\"> <label for=\"form-field-4aba5b5-2\">ne sais pas<\/label><\/span><\/div>\t\t\t\t<\/div>\n\t\t\t\t\t\t\t\t<div class=\"elementor-field-type-text elementor-field-group elementor-column elementor-field-group-field_6 elementor-col-50\">\n\t\t\t\t\t\t\t\t\t\t\t\t<label for=\"form-field-field_6\" class=\"elementor-field-label\">\n\t\t\t\t\t\t\t\tVille, D\u00e9partement, Pays\t\t\t\t\t\t\t<\/label>\n\t\t\t\t\t\t\t\t\t\t\t\t\t\t<input size=\"1\" type=\"text\" name=\"form_fields[field_6]\" id=\"form-field-field_6\" class=\"elementor-field elementor-size-sm  elementor-field-textual\" placeholder=\"69, Lyon ...\">\n\t\t\t\t\t\t\t\t\t\t\t<\/div>\n\t\t\t\t\t\t\t\t<div class=\"elementor-field-type-radio elementor-field-group elementor-column elementor-field-group-field_4 elementor-col-50\">\n\t\t\t\t\t\t\t\t\t\t\t\t<label for=\"form-field-field_4\" class=\"elementor-field-label\">\n\t\t\t\t\t\t\t\tQuel programme ou \u00e9l\u00e9ment vous int\u00e9resse ?\t\t\t\t\t\t\t<\/label>\n\t\t\t\t\t\t<div class=\"elementor-field-subgroup  \"><span class=\"elementor-field-option\"><input type=\"radio\" value=\"Spoiler de toit\" id=\"form-field-field_4-0\" name=\"form_fields[field_4]\"> <label for=\"form-field-field_4-0\">Spoiler de toit<\/label><\/span><span class=\"elementor-field-option\"><input type=\"radio\" value=\"aileron Darus\" id=\"form-field-field_4-1\" name=\"form_fields[field_4]\"> <label for=\"form-field-field_4-1\">aileron Darus<\/label><\/span><span class=\"elementor-field-option\"><input type=\"radio\" value=\"Aileron 997GT3Evocation\" id=\"form-field-field_4-2\" name=\"form_fields[field_4]\"> <label for=\"form-field-field_4-2\">Aileron 997GT3Evocation<\/label><\/span><span class=\"elementor-field-option\"><input type=\"radio\" value=\"Aileron GT2-Style (pour Turbo)\" id=\"form-field-field_4-3\" name=\"form_fields[field_4]\"> <label for=\"form-field-field_4-3\">Aileron GT2-Style (pour Turbo)<\/label><\/span><span class=\"elementor-field-option\"><input type=\"radio\" value=\"997Lyon\" id=\"form-field-field_4-4\" name=\"form_fields[field_4]\"> <label for=\"form-field-field_4-4\">997Lyon<\/label><\/span><span class=\"elementor-field-option\"><input type=\"radio\" value=\"Espado (pour Turbo)\" id=\"form-field-field_4-5\" name=\"form_fields[field_4]\"> <label for=\"form-field-field_4-5\">Espado (pour Turbo)<\/label><\/span><\/div>\t\t\t\t<\/div>\n\t\t\t\t\t\t\t\t<div class=\"elementor-field-type-radio elementor-field-group elementor-column elementor-field-group-9bdaadb elementor-col-33\">\n\t\t\t\t\t\t\t\t\t\t\t\t<label for=\"form-field-9bdaadb\" class=\"elementor-field-label\">\n\t\t\t\t\t\t\t\tEtes vous int\u00e9ress\u00e9 par une commande\t\t\t\t\t\t\t<\/label>\n\t\t\t\t\t\t<div class=\"elementor-field-subgroup  elementor-subgroup-inline\"><span class=\"elementor-field-option\"><input type=\"radio\" value=\"imm\u00e9diatement\" id=\"form-field-9bdaadb-0\" name=\"form_fields[9bdaadb]\"> <label for=\"form-field-9bdaadb-0\">imm\u00e9diatement<\/label><\/span><span class=\"elementor-field-option\"><input type=\"radio\" value=\"dans les prochains jours\" id=\"form-field-9bdaadb-1\" name=\"form_fields[9bdaadb]\"> <label for=\"form-field-9bdaadb-1\">dans les prochains jours<\/label><\/span><span class=\"elementor-field-option\"><input type=\"radio\" value=\"dans les prochaines semaines\" id=\"form-field-9bdaadb-2\" name=\"form_fields[9bdaadb]\"> <label for=\"form-field-9bdaadb-2\">dans les prochaines semaines<\/label><\/span><span class=\"elementor-field-option\"><input type=\"radio\" value=\"dans les prochains mois\" id=\"form-field-9bdaadb-3\" name=\"form_fields[9bdaadb]\"> <label for=\"form-field-9bdaadb-3\">dans les prochains mois<\/label><\/span><\/div>\t\t\t\t<\/div>\n\t\t\t\t\t\t\t\t<div class=\"elementor-field-group elementor-column elementor-field-type-submit elementor-col-100 e-form__buttons\">\n\t\t\t\t\t<button class=\"elementor-button elementor-size-lg\" type=\"submit\">\n\t\t\t\t\t\t<span class=\"elementor-button-content-wrapper\">\n\t\t\t\t\t\t\t\t\t\t\t\t\t\t\t\t\t\t\t\t\t\t<span class=\"elementor-button-text\">Envoyer<\/span>\n\t\t\t\t\t\t\t\t\t\t\t\t\t<\/span>\n\t\t\t\t\t<\/button>\n\t\t\t\t<\/div>\n\t\t\t<\/div>\n\t\t<\/form>\n\t\t\t\t\t\t<\/div>\n\t\t\t\t<\/div>\n\t\t\t\t\t<\/div>\n\t\t<\/div>\n\t\t\t\t\t<\/div>\n\t\t<\/section>\n\t\t\t\t<\/div>\n\t\t","protected":false},"excerpt":{"rendered":"<p>Demande de TarificationPorsche 997<\/p>\n","protected":false},"author":1,"featured_media":0,"parent":0,"menu_order":0,"comment_status":"closed","ping_status":"closed","template":"","meta":{"_monsterinsights_skip_tracking":false,"_monsterinsights_sitenote_active":false,"_monsterinsights_sitenote_note":"","_monsterinsights_sitenote_category":0,"footnotes":""},"class_list":["post-16623","page","type-page","status-publish","hentry"],"_links":{"self":[{"href":"https:\/\/jacquemond-france.com\/index.php\/wp-json\/wp\/v2\/pages\/16623","targetHints":{"allow":["GET"]}}],"collection":[{"href":"https:\/\/jacquemond-france.com\/index.php\/wp-json\/wp\/v2\/pages"}],"about":[{"href":"https:\/\/jacquemond-france.com\/index.php\/wp-json\/wp\/v2\/types\/page"}],"author":[{"embeddable":true,"href":"https:\/\/jacquemond-france.com\/index.php\/wp-json\/wp\/v2\/users\/1"}],"replies":[{"embeddable":true,"href":"https:\/\/jacquemond-france.com\/index.php\/wp-json\/wp\/v2\/comments?post=16623"}],"version-history":[{"count":33,"href":"https:\/\/jacquemond-france.com\/index.php\/wp-json\/wp\/v2\/pages\/16623\/revisions"}],"predecessor-version":[{"id":22388,"href":"https:\/\/jacquemond-france.com\/index.php\/wp-json\/wp\/v2\/pages\/16623\/revisions\/22388"}],"wp:attachment":[{"href":"https:\/\/jacquemond-france.com\/index.php\/wp-json\/wp\/v2\/media?parent=16623"}],"curies":[{"name":"wp","href":"https:\/\/api.w.org\/{rel}","templated":true}]}}