{"id":20439,"date":"2022-09-29T16:16:48","date_gmt":"2022-09-29T14:16:48","guid":{"rendered":"http:\/\/jacquemond-france.com\/?page_id=20439"},"modified":"2026-03-02T09:03:33","modified_gmt":"2026-03-02T08:03:33","slug":"sculpture-911","status":"publish","type":"page","link":"https:\/\/jacquemond-france.com\/index.php\/sculpture-911\/","title":{"rendered":"Sculpture-911"},"content":{"rendered":"\t\t<div data-elementor-type=\"wp-page\" data-elementor-id=\"20439\" class=\"elementor elementor-20439\" data-elementor-post-type=\"page\">\n\t\t\t\t\t\t<section class=\"elementor-section elementor-top-section elementor-element elementor-element-4cc7e50 elementor-section-stretched elementor-section-full_width elementor-section-height-default elementor-section-height-default\" data-id=\"4cc7e50\" data-element_type=\"section\" data-settings=\"{&quot;stretch_section&quot;:&quot;section-stretched&quot;,&quot;background_background&quot;:&quot;classic&quot;}\">\n\t\t\t\t\t\t<div class=\"elementor-container elementor-column-gap-no\">\n\t\t\t\t\t<div class=\"elementor-column elementor-col-100 elementor-top-column elementor-element elementor-element-5d89686\" data-id=\"5d89686\" data-element_type=\"column\" data-settings=\"{&quot;background_background&quot;:&quot;classic&quot;}\">\n\t\t\t<div class=\"elementor-widget-wrap elementor-element-populated\">\n\t\t\t\t\t\t<div class=\"elementor-element elementor-element-ed9f8a9 elementor-widget elementor-widget-heading\" data-id=\"ed9f8a9\" data-element_type=\"widget\" data-widget_type=\"heading.default\">\n\t\t\t\t<div class=\"elementor-widget-container\">\n\t\t\t\t\t<h2 class=\"elementor-heading-title elementor-size-default\">SCULPTURE <b>911<\/b><br>\u00e9ditions limit\u00e9es <\/h2>\t\t\t\t<\/div>\n\t\t\t\t<\/div>\n\t\t\t\t<div class=\"elementor-element elementor-element-5b4c547 elementor-widget elementor-widget-heading\" data-id=\"5b4c547\" data-element_type=\"widget\" data-widget_type=\"heading.default\">\n\t\t\t\t<div class=\"elementor-widget-container\">\n\t\t\t\t\t<h2 class=\"elementor-heading-title elementor-size-default\">comptes 6068 \u00ab Autres mati\u00e8res et fournitures \u00bb<\/h2>\t\t\t\t<\/div>\n\t\t\t\t<\/div>\n\t\t\t\t\t<\/div>\n\t\t<\/div>\n\t\t\t\t\t<\/div>\n\t\t<\/section>\n\t\t\t\t<section class=\"elementor-section elementor-top-section elementor-element elementor-element-a2a613d elementor-section-stretched elementor-section-full_width elementor-section-height-default elementor-section-height-default\" data-id=\"a2a613d\" data-element_type=\"section\" data-settings=\"{&quot;stretch_section&quot;:&quot;section-stretched&quot;}\">\n\t\t\t\t\t\t<div class=\"elementor-container elementor-column-gap-no\">\n\t\t\t\t\t<div class=\"elementor-column elementor-col-100 elementor-top-column elementor-element elementor-element-16cdd19\" data-id=\"16cdd19\" data-element_type=\"column\">\n\t\t\t<div class=\"elementor-widget-wrap\">\n\t\t\t\t\t\t\t<\/div>\n\t\t<\/div>\n\t\t\t\t\t<\/div>\n\t\t<\/section>\n\t\t\t\t<section class=\"elementor-section elementor-top-section elementor-element elementor-element-46cc985 elementor-section-stretched elementor-section-full_width elementor-section-height-default elementor-section-height-default\" data-id=\"46cc985\" data-element_type=\"section\" data-settings=\"{&quot;stretch_section&quot;:&quot;section-stretched&quot;,&quot;background_background&quot;:&quot;classic&quot;}\">\n\t\t\t\t\t\t<div class=\"elementor-container elementor-column-gap-no\">\n\t\t\t\t\t<div class=\"elementor-column elementor-col-50 elementor-top-column elementor-element elementor-element-7c5c872\" data-id=\"7c5c872\" data-element_type=\"column\">\n\t\t\t<div class=\"elementor-widget-wrap elementor-element-populated\">\n\t\t\t\t\t\t<div class=\"elementor-element elementor-element-de5cda5 elementor-widget elementor-widget-image\" data-id=\"de5cda5\" data-element_type=\"widget\" data-widget_type=\"image.default\">\n\t\t\t\t<div class=\"elementor-widget-container\">\n\t\t\t\t\t\t\t\t\t\t\t\t\t\t\t<img fetchpriority=\"high\" decoding=\"async\" width=\"525\" height=\"787\" src=\"https:\/\/jacquemond-france.com\/wp-content\/uploads\/2019\/05\/sc6-683x1024.jpg\" class=\"attachment-large size-large wp-image-9972\" alt=\"Sculpture 911 par Jacquemond\" srcset=\"https:\/\/jacquemond-france.com\/wp-content\/uploads\/2019\/05\/sc6-683x1024.jpg 683w, https:\/\/jacquemond-france.com\/wp-content\/uploads\/2019\/05\/sc6-350x525.jpg 350w, https:\/\/jacquemond-france.com\/wp-content\/uploads\/2019\/05\/sc6-200x300.jpg 200w, https:\/\/jacquemond-france.com\/wp-content\/uploads\/2019\/05\/sc6-768x1152.jpg 768w, https:\/\/jacquemond-france.com\/wp-content\/uploads\/2019\/05\/sc6.jpg 1000w\" sizes=\"100vw\" \/>\t\t\t\t\t\t\t\t\t\t\t\t\t\t\t<\/div>\n\t\t\t\t<\/div>\n\t\t\t\t\t<\/div>\n\t\t<\/div>\n\t\t\t\t<div class=\"elementor-column elementor-col-50 elementor-top-column elementor-element elementor-element-11c6842\" data-id=\"11c6842\" data-element_type=\"column\">\n\t\t\t<div class=\"elementor-widget-wrap elementor-element-populated\">\n\t\t\t\t\t\t<div class=\"elementor-element elementor-element-bd96923 elementor-share-buttons--align-center elementor-share-buttons--view-icon-text elementor-share-buttons--skin-gradient elementor-share-buttons--shape-square elementor-grid-0 elementor-share-buttons--color-official elementor-widget elementor-widget-share-buttons\" data-id=\"bd96923\" data-element_type=\"widget\" data-widget_type=\"share-buttons.default\">\n\t\t\t\t<div class=\"elementor-widget-container\">\n\t\t\t\t\t\t\t<div class=\"elementor-grid\">\n\t\t\t\t\t\t\t\t<div class=\"elementor-grid-item\">\n\t\t\t\t\t\t<div class=\"elementor-share-btn elementor-share-btn_facebook\" role=\"button\" tabindex=\"0\" aria-label=\"Partager sur facebook\">\n\t\t\t\t\t\t\t\t\t\t\t\t\t\t\t<span class=\"elementor-share-btn__icon\">\n\t\t\t\t\t\t\t\t<i class=\"fab fa-facebook\" aria-hidden=\"true\"><\/i>\t\t\t\t\t\t\t<\/span>\n\t\t\t\t\t\t\t\t\t\t\t\t\t\t\t\t\t\t\t\t\t\t<div class=\"elementor-share-btn__text\">\n\t\t\t\t\t\t\t\t\t\t\t\t\t\t\t\t\t\t\t<span class=\"elementor-share-btn__title\">\n\t\t\t\t\t\t\t\t\t\tFacebook\t\t\t\t\t\t\t\t\t<\/span>\n\t\t\t\t\t\t\t\t\t\t\t\t\t\t\t\t\t<\/div>\n\t\t\t\t\t\t\t\t\t\t\t\t\t<\/div>\n\t\t\t\t\t<\/div>\n\t\t\t\t\t\t<\/div>\n\t\t\t\t\t\t<\/div>\n\t\t\t\t<\/div>\n\t\t\t\t<div class=\"elementor-element elementor-element-1795512 elementor-widget elementor-widget-heading\" data-id=\"1795512\" data-element_type=\"widget\" data-widget_type=\"heading.default\">\n\t\t\t\t<div class=\"elementor-widget-container\">\n\t\t\t\t\t<h2 class=\"elementor-heading-title elementor-size-default\"><b>Sculpture-911<br><\/b>\nEn fibre de verre<\/h2>\t\t\t\t<\/div>\n\t\t\t\t<\/div>\n\t\t\t\t<div class=\"elementor-element elementor-element-dedfd56 elementor-widget elementor-widget-heading\" data-id=\"dedfd56\" data-element_type=\"widget\" data-widget_type=\"heading.default\">\n\t\t\t\t<div class=\"elementor-widget-container\">\n\t\t\t\t\t<h2 class=\"elementor-heading-title elementor-size-default\">Dimensions : 56 x 25 cm, socle 67  x 42<\/h2>\t\t\t\t<\/div>\n\t\t\t\t<\/div>\n\t\t\t\t<div class=\"elementor-element elementor-element-1e4ad3e elementor-widget elementor-widget-heading\" data-id=\"1e4ad3e\" data-element_type=\"widget\" data-widget_type=\"heading.default\">\n\t\t\t\t<div class=\"elementor-widget-container\">\n\t\t\t\t\t<h2 class=\"elementor-heading-title elementor-size-default\">Fabriqu\u00e9es en France, dans nos ateliers.<\/h2>\t\t\t\t<\/div>\n\t\t\t\t<\/div>\n\t\t\t\t<div class=\"elementor-element elementor-element-adb59cb elementor-widget-divider--view-line elementor-widget elementor-widget-divider\" data-id=\"adb59cb\" data-element_type=\"widget\" data-widget_type=\"divider.default\">\n\t\t\t\t<div class=\"elementor-widget-container\">\n\t\t\t\t\t\t\t<div class=\"elementor-divider\">\n\t\t\t<span class=\"elementor-divider-separator\">\n\t\t\t\t\t\t<\/span>\n\t\t<\/div>\n\t\t\t\t\t\t<\/div>\n\t\t\t\t<\/div>\n\t\t\t\t<div class=\"elementor-element elementor-element-8e0580d elementor-widget elementor-widget-heading\" data-id=\"8e0580d\" data-element_type=\"widget\" data-widget_type=\"heading.default\">\n\t\t\t\t<div class=\"elementor-widget-container\">\n\t\t\t\t\t<h2 class=\"elementor-heading-title elementor-size-default\">Livr\u00e9e en gel-coat blanc.<br>Ou \u00e0 la couleur de votre propre 911.<br> Ou d\u00e9cor\u00e9e, ...<\/h2>\t\t\t\t<\/div>\n\t\t\t\t<\/div>\n\t\t\t\t<div class=\"elementor-element elementor-element-376acab elementor-widget elementor-widget-heading\" data-id=\"376acab\" data-element_type=\"widget\" data-widget_type=\"heading.default\">\n\t\t\t\t<div class=\"elementor-widget-container\">\n\t\t\t\t\t<h2 class=\"elementor-heading-title elementor-size-default\"><b>En Options,<\/b><br> socle bois, chevalet,  ...<\/h2>\t\t\t\t<\/div>\n\t\t\t\t<\/div>\n\t\t\t\t<div class=\"elementor-element elementor-element-f2303d9 elementor-view-default elementor-invisible elementor-widget elementor-widget-icon\" data-id=\"f2303d9\" data-element_type=\"widget\" data-settings=\"{&quot;_animation&quot;:&quot;jello&quot;}\" data-widget_type=\"icon.default\">\n\t\t\t\t<div class=\"elementor-widget-container\">\n\t\t\t\t\t\t\t<div class=\"elementor-icon-wrapper\">\n\t\t\t<a class=\"elementor-icon\" href=\"mailto:jacquemonddesign@gmail.com?subject=Sculpture-911\">\n\t\t\t<i aria-hidden=\"true\" class=\"fas fa-envelope\"><\/i>\t\t\t<\/a>\n\t\t<\/div>\n\t\t\t\t\t\t<\/div>\n\t\t\t\t<\/div>\n\t\t\t\t\t<\/div>\n\t\t<\/div>\n\t\t\t\t\t<\/div>\n\t\t<\/section>\n\t\t\t\t<section class=\"elementor-section elementor-top-section elementor-element elementor-element-18015a0 elementor-section-stretched elementor-section-full_width elementor-section-height-default elementor-section-height-default\" data-id=\"18015a0\" data-element_type=\"section\" data-settings=\"{&quot;stretch_section&quot;:&quot;section-stretched&quot;}\">\n\t\t\t\t\t\t<div class=\"elementor-container elementor-column-gap-no\">\n\t\t\t\t\t<div class=\"elementor-column elementor-col-100 elementor-top-column elementor-element elementor-element-3326d5d\" data-id=\"3326d5d\" data-element_type=\"column\">\n\t\t\t<div class=\"elementor-widget-wrap elementor-element-populated\">\n\t\t\t\t\t\t<div class=\"elementor-element elementor-element-12499ee elementor-widget elementor-widget-image\" data-id=\"12499ee\" data-element_type=\"widget\" data-widget_type=\"image.default\">\n\t\t\t\t<div class=\"elementor-widget-container\">\n\t\t\t\t\t\t\t\t\t\t\t\t\t\t\t<img decoding=\"async\" width=\"2500\" height=\"1657\" src=\"https:\/\/jacquemond-france.com\/wp-content\/uploads\/2022\/01\/scu-hugo.jpg\" class=\"attachment-full size-full wp-image-18725\" alt=\"\" srcset=\"https:\/\/jacquemond-france.com\/wp-content\/uploads\/2022\/01\/scu-hugo.jpg 2500w, https:\/\/jacquemond-france.com\/wp-content\/uploads\/2022\/01\/scu-hugo-300x199.jpg 300w, https:\/\/jacquemond-france.com\/wp-content\/uploads\/2022\/01\/scu-hugo-1024x679.jpg 1024w, https:\/\/jacquemond-france.com\/wp-content\/uploads\/2022\/01\/scu-hugo-768x509.jpg 768w, https:\/\/jacquemond-france.com\/wp-content\/uploads\/2022\/01\/scu-hugo-1536x1018.jpg 1536w, https:\/\/jacquemond-france.com\/wp-content\/uploads\/2022\/01\/scu-hugo-2048x1357.jpg 2048w, https:\/\/jacquemond-france.com\/wp-content\/uploads\/2022\/01\/scu-hugo-350x232.jpg 350w\" sizes=\"100vw\" \/>\t\t\t\t\t\t\t\t\t\t\t\t\t\t\t<\/div>\n\t\t\t\t<\/div>\n\t\t\t\t\t<\/div>\n\t\t<\/div>\n\t\t\t\t\t<\/div>\n\t\t<\/section>\n\t\t\t\t<section class=\"elementor-section elementor-top-section elementor-element elementor-element-67308b1 elementor-section-stretched elementor-section-full_width elementor-section-height-default elementor-section-height-default\" data-id=\"67308b1\" data-element_type=\"section\" data-settings=\"{&quot;stretch_section&quot;:&quot;section-stretched&quot;,&quot;background_background&quot;:&quot;classic&quot;}\">\n\t\t\t\t\t\t<div class=\"elementor-container elementor-column-gap-no\">\n\t\t\t\t\t<div class=\"elementor-column elementor-col-50 elementor-top-column elementor-element elementor-element-2b7424b\" data-id=\"2b7424b\" data-element_type=\"column\">\n\t\t\t<div class=\"elementor-widget-wrap elementor-element-populated\">\n\t\t\t\t\t\t<div class=\"elementor-element elementor-element-6dfae7c elementor-widget elementor-widget-image\" data-id=\"6dfae7c\" data-element_type=\"widget\" data-widget_type=\"image.default\">\n\t\t\t\t<div class=\"elementor-widget-container\">\n\t\t\t\t\t\t\t\t\t\t\t\t\t\t\t<img decoding=\"async\" width=\"1125\" height=\"508\" src=\"https:\/\/jacquemond-france.com\/wp-content\/uploads\/2020\/01\/s83a.png\" class=\"attachment-full size-full wp-image-12340\" alt=\"Sculpture 911 par Jacquemond\" srcset=\"https:\/\/jacquemond-france.com\/wp-content\/uploads\/2020\/01\/s83a.png 1125w, https:\/\/jacquemond-france.com\/wp-content\/uploads\/2020\/01\/s83a-350x158.png 350w, https:\/\/jacquemond-france.com\/wp-content\/uploads\/2020\/01\/s83a-300x135.png 300w, https:\/\/jacquemond-france.com\/wp-content\/uploads\/2020\/01\/s83a-768x347.png 768w, https:\/\/jacquemond-france.com\/wp-content\/uploads\/2020\/01\/s83a-1024x462.png 1024w\" sizes=\"100vw\" \/>\t\t\t\t\t\t\t\t\t\t\t\t\t\t\t<\/div>\n\t\t\t\t<\/div>\n\t\t\t\t\t<\/div>\n\t\t<\/div>\n\t\t\t\t<div class=\"elementor-column elementor-col-50 elementor-top-column elementor-element elementor-element-96a750b\" data-id=\"96a750b\" data-element_type=\"column\">\n\t\t\t<div class=\"elementor-widget-wrap elementor-element-populated\">\n\t\t\t\t\t\t<div class=\"elementor-element elementor-element-8a775c4 elementor-widget elementor-widget-image\" data-id=\"8a775c4\" data-element_type=\"widget\" data-widget_type=\"image.default\">\n\t\t\t\t<div class=\"elementor-widget-container\">\n\t\t\t\t\t\t\t\t\t\t\t\t\t\t\t<img loading=\"lazy\" decoding=\"async\" width=\"2000\" height=\"1333\" src=\"https:\/\/jacquemond-france.com\/wp-content\/uploads\/2020\/01\/scubl.jpg\" class=\"attachment-full size-full wp-image-12290\" alt=\"\" srcset=\"https:\/\/jacquemond-france.com\/wp-content\/uploads\/2020\/01\/scubl.jpg 2000w, https:\/\/jacquemond-france.com\/wp-content\/uploads\/2020\/01\/scubl-350x233.jpg 350w, https:\/\/jacquemond-france.com\/wp-content\/uploads\/2020\/01\/scubl-300x200.jpg 300w, https:\/\/jacquemond-france.com\/wp-content\/uploads\/2020\/01\/scubl-768x512.jpg 768w, https:\/\/jacquemond-france.com\/wp-content\/uploads\/2020\/01\/scubl-1024x682.jpg 1024w\" sizes=\"100vw\" \/>\t\t\t\t\t\t\t\t\t\t\t\t\t\t\t<\/div>\n\t\t\t\t<\/div>\n\t\t\t\t\t<\/div>\n\t\t<\/div>\n\t\t\t\t\t<\/div>\n\t\t<\/section>\n\t\t\t\t<section class=\"elementor-section elementor-top-section elementor-element elementor-element-95b6cbe elementor-section-stretched elementor-section-full_width elementor-section-height-default elementor-section-height-default\" data-id=\"95b6cbe\" data-element_type=\"section\" data-settings=\"{&quot;stretch_section&quot;:&quot;section-stretched&quot;,&quot;background_background&quot;:&quot;classic&quot;}\">\n\t\t\t\t\t\t<div class=\"elementor-container elementor-column-gap-no\">\n\t\t\t\t\t<div class=\"elementor-column elementor-col-50 elementor-top-column elementor-element elementor-element-367f350\" data-id=\"367f350\" data-element_type=\"column\">\n\t\t\t<div class=\"elementor-widget-wrap elementor-element-populated\">\n\t\t\t\t\t\t<div class=\"elementor-element elementor-element-94dd311 elementor-widget elementor-widget-image\" data-id=\"94dd311\" data-element_type=\"widget\" data-widget_type=\"image.default\">\n\t\t\t\t<div class=\"elementor-widget-container\">\n\t\t\t\t\t\t\t\t\t\t\t\t\t\t\t<img loading=\"lazy\" decoding=\"async\" width=\"937\" height=\"1343\" src=\"https:\/\/jacquemond-france.com\/wp-content\/uploads\/2020\/01\/s81d.png\" class=\"attachment-full size-full wp-image-12338\" alt=\"Sculpture 911 par Jacquemond\" srcset=\"https:\/\/jacquemond-france.com\/wp-content\/uploads\/2020\/01\/s81d.png 937w, https:\/\/jacquemond-france.com\/wp-content\/uploads\/2020\/01\/s81d-350x502.png 350w, https:\/\/jacquemond-france.com\/wp-content\/uploads\/2020\/01\/s81d-209x300.png 209w, https:\/\/jacquemond-france.com\/wp-content\/uploads\/2020\/01\/s81d-768x1101.png 768w, https:\/\/jacquemond-france.com\/wp-content\/uploads\/2020\/01\/s81d-714x1024.png 714w\" sizes=\"100vw\" \/>\t\t\t\t\t\t\t\t\t\t\t\t\t\t\t<\/div>\n\t\t\t\t<\/div>\n\t\t\t\t\t<\/div>\n\t\t<\/div>\n\t\t\t\t<div class=\"elementor-column elementor-col-50 elementor-top-column elementor-element elementor-element-e189a6d\" data-id=\"e189a6d\" data-element_type=\"column\">\n\t\t\t<div class=\"elementor-widget-wrap elementor-element-populated\">\n\t\t\t\t\t\t<div class=\"elementor-element elementor-element-bcaec60 elementor-widget elementor-widget-image\" data-id=\"bcaec60\" data-element_type=\"widget\" data-widget_type=\"image.default\">\n\t\t\t\t<div class=\"elementor-widget-container\">\n\t\t\t\t\t\t\t\t\t\t\t\t\t\t\t<img loading=\"lazy\" decoding=\"async\" width=\"1000\" height=\"1500\" src=\"https:\/\/jacquemond-france.com\/wp-content\/uploads\/2019\/05\/chevallet2.jpg\" class=\"attachment-full size-full wp-image-9834\" alt=\"Jacquemond : Sculpture Porsche 911 Gulf\" srcset=\"https:\/\/jacquemond-france.com\/wp-content\/uploads\/2019\/05\/chevallet2.jpg 1000w, https:\/\/jacquemond-france.com\/wp-content\/uploads\/2019\/05\/chevallet2-350x525.jpg 350w, https:\/\/jacquemond-france.com\/wp-content\/uploads\/2019\/05\/chevallet2-200x300.jpg 200w, https:\/\/jacquemond-france.com\/wp-content\/uploads\/2019\/05\/chevallet2-768x1152.jpg 768w, https:\/\/jacquemond-france.com\/wp-content\/uploads\/2019\/05\/chevallet2-683x1024.jpg 683w\" sizes=\"100vw\" \/>\t\t\t\t\t\t\t\t\t\t\t\t\t\t\t<\/div>\n\t\t\t\t<\/div>\n\t\t\t\t\t<\/div>\n\t\t<\/div>\n\t\t\t\t\t<\/div>\n\t\t<\/section>\n\t\t\t\t<section class=\"elementor-section elementor-top-section elementor-element elementor-element-eaf3f69 elementor-section-full_width elementor-section-stretched elementor-section-height-default elementor-section-height-default\" data-id=\"eaf3f69\" data-element_type=\"section\" data-settings=\"{&quot;stretch_section&quot;:&quot;section-stretched&quot;,&quot;sticky&quot;:&quot;bottom&quot;,&quot;sticky_on&quot;:[&quot;desktop&quot;,&quot;tablet&quot;,&quot;mobile&quot;],&quot;sticky_offset&quot;:0,&quot;sticky_effects_offset&quot;:0,&quot;sticky_anchor_link_offset&quot;:0}\">\n\t\t\t\t\t\t<div class=\"elementor-container elementor-column-gap-default\">\n\t\t\t\t\t<div class=\"elementor-column elementor-col-100 elementor-top-column elementor-element elementor-element-6968026\" data-id=\"6968026\" data-element_type=\"column\">\n\t\t\t<div class=\"elementor-widget-wrap elementor-element-populated\">\n\t\t\t\t\t\t<div class=\"elementor-element elementor-element-efd85e9 elementor-align-right elementor-widget elementor-widget-button\" data-id=\"efd85e9\" data-element_type=\"widget\" data-widget_type=\"button.default\">\n\t\t\t\t<div class=\"elementor-widget-container\">\n\t\t\t\t\t\t\t\t\t<div class=\"elementor-button-wrapper\">\n\t\t\t\t\t<a class=\"elementor-button elementor-button-link elementor-size-sm\" href=\"mailto:contact@jacquemond.com?subject=Jacquemond%20:%20Question%20Sculpture-911%20FR\">\n\t\t\t\t\t\t<span class=\"elementor-button-content-wrapper\">\n\t\t\t\t\t\t\t\t\t<span class=\"elementor-button-text\">Une Question ?<\/span>\n\t\t\t\t\t<\/span>\n\t\t\t\t\t<\/a>\n\t\t\t\t<\/div>\n\t\t\t\t\t\t\t\t<\/div>\n\t\t\t\t<\/div>\n\t\t\t\t\t<\/div>\n\t\t<\/div>\n\t\t\t\t\t<\/div>\n\t\t<\/section>\n\t\t\t\t<\/div>\n\t\t","protected":false},"excerpt":{"rendered":"<p>SCULPTURE 911\u00e9ditions limit\u00e9es comptes 6068 \u00ab Autres mati\u00e8res et fournitures \u00bb Facebook Sculpture-911 En fibre de verre Dimensions : 56 x 25 cm, socle 67 x 42 Fabriqu\u00e9es en France, dans nos ateliers. Livr\u00e9e en gel-coat blanc.Ou \u00e0 la couleur de votre propre 911. Ou d\u00e9cor\u00e9e, &#8230; En Options, socle bois, chevalet, &#8230; Une Question &hellip; <\/p>\n<p class=\"link-more\"><a href=\"https:\/\/jacquemond-france.com\/index.php\/sculpture-911\/\" class=\"more-link\">Continuer la lecture<span class=\"screen-reader-text\"> de &laquo;&nbsp;Sculpture-911&nbsp;&raquo;<\/span><\/a><\/p>\n","protected":false},"author":1,"featured_media":20994,"parent":0,"menu_order":0,"comment_status":"closed","ping_status":"closed","template":"","meta":{"_monsterinsights_skip_tracking":false,"_monsterinsights_sitenote_active":false,"_monsterinsights_sitenote_note":"","_monsterinsights_sitenote_category":0,"footnotes":""},"class_list":["post-20439","page","type-page","status-publish","has-post-thumbnail","hentry"],"_links":{"self":[{"href":"https:\/\/jacquemond-france.com\/index.php\/wp-json\/wp\/v2\/pages\/20439","targetHints":{"allow":["GET"]}}],"collection":[{"href":"https:\/\/jacquemond-france.com\/index.php\/wp-json\/wp\/v2\/pages"}],"about":[{"href":"https:\/\/jacquemond-france.com\/index.php\/wp-json\/wp\/v2\/types\/page"}],"author":[{"embeddable":true,"href":"https:\/\/jacquemond-france.com\/index.php\/wp-json\/wp\/v2\/users\/1"}],"replies":[{"embeddable":true,"href":"https:\/\/jacquemond-france.com\/index.php\/wp-json\/wp\/v2\/comments?post=20439"}],"version-history":[{"count":16,"href":"https:\/\/jacquemond-france.com\/index.php\/wp-json\/wp\/v2\/pages\/20439\/revisions"}],"predecessor-version":[{"id":28789,"href":"https:\/\/jacquemond-france.com\/index.php\/wp-json\/wp\/v2\/pages\/20439\/revisions\/28789"}],"wp:featuredmedia":[{"embeddable":true,"href":"https:\/\/jacquemond-france.com\/index.php\/wp-json\/wp\/v2\/media\/20994"}],"wp:attachment":[{"href":"https:\/\/jacquemond-france.com\/index.php\/wp-json\/wp\/v2\/media?parent=20439"}],"curies":[{"name":"wp","href":"https:\/\/api.w.org\/{rel}","templated":true}]}}