{"id":20858,"date":"2022-11-18T13:07:36","date_gmt":"2022-11-18T12:07:36","guid":{"rendered":"http:\/\/jacquemond-france.com\/?page_id=20858"},"modified":"2022-12-14T09:14:05","modified_gmt":"2022-12-14T08:14:05","slug":"lesellin","status":"publish","type":"page","link":"https:\/\/jacquemond-france.com\/index.php\/lesellin\/","title":{"rendered":"LeSellin"},"content":{"rendered":"\t\t<div data-elementor-type=\"wp-page\" data-elementor-id=\"20858\" class=\"elementor elementor-20858\" data-elementor-post-type=\"page\">\n\t\t\t\t\t\t<section class=\"elementor-section elementor-top-section elementor-element elementor-element-6d472bf elementor-section-boxed elementor-section-height-default elementor-section-height-default\" data-id=\"6d472bf\" data-element_type=\"section\">\n\t\t\t\t\t\t<div class=\"elementor-container elementor-column-gap-default\">\n\t\t\t\t\t<div class=\"elementor-column elementor-col-100 elementor-top-column elementor-element elementor-element-88488db\" data-id=\"88488db\" data-element_type=\"column\">\n\t\t\t<div class=\"elementor-widget-wrap elementor-element-populated\">\n\t\t\t\t\t\t<div class=\"elementor-element elementor-element-153966c elementor-widget elementor-widget-heading\" data-id=\"153966c\" data-element_type=\"widget\" data-widget_type=\"heading.default\">\n\t\t\t\t<div class=\"elementor-widget-container\">\n\t\t\t\t\t<h2 class=\"elementor-heading-title elementor-size-default\"><b>Am\u00e9nagement Fourgon<\/b><br>\u00c9tag\u00e8res fibre de verre<\/h2>\t\t\t\t<\/div>\n\t\t\t\t<\/div>\n\t\t\t\t<div class=\"elementor-element elementor-element-d4267b4 elementor-widget elementor-widget-image\" data-id=\"d4267b4\" data-element_type=\"widget\" data-widget_type=\"image.default\">\n\t\t\t\t<div class=\"elementor-widget-container\">\n\t\t\t\t\t\t\t\t\t\t\t\t\t\t\t<img fetchpriority=\"high\" decoding=\"async\" width=\"525\" height=\"307\" src=\"https:\/\/jacquemond-france.com\/wp-content\/uploads\/2022\/11\/etagerexo-1024x598.png\" class=\"attachment-large size-large wp-image-20879\" alt=\"Etageres pour Fourgon par DBJ Prod\" srcset=\"https:\/\/jacquemond-france.com\/wp-content\/uploads\/2022\/11\/etagerexo-1024x598.png 1024w, https:\/\/jacquemond-france.com\/wp-content\/uploads\/2022\/11\/etagerexo-300x175.png 300w, https:\/\/jacquemond-france.com\/wp-content\/uploads\/2022\/11\/etagerexo-768x449.png 768w, https:\/\/jacquemond-france.com\/wp-content\/uploads\/2022\/11\/etagerexo-350x204.png 350w, https:\/\/jacquemond-france.com\/wp-content\/uploads\/2022\/11\/etagerexo.png 1080w\" sizes=\"100vw\" \/>\t\t\t\t\t\t\t\t\t\t\t\t\t\t\t<\/div>\n\t\t\t\t<\/div>\n\t\t\t\t<div class=\"elementor-element elementor-element-fa02d89 elementor-widget elementor-widget-heading\" data-id=\"fa02d89\" data-element_type=\"widget\" data-widget_type=\"heading.default\">\n\t\t\t\t<div class=\"elementor-widget-container\">\n\t\t\t\t\t<h2 class=\"elementor-heading-title elementor-size-default\"><b>Prix sp\u00e9cial<br>Euros 1000.00<\/b><br>+ 89.00 d'emballage\/expedition.<\/h2>\t\t\t\t<\/div>\n\t\t\t\t<\/div>\n\t\t\t\t<div class=\"elementor-element elementor-element-9a6315e elementor-align-center elementor-widget elementor-widget-button\" data-id=\"9a6315e\" data-element_type=\"widget\" data-widget_type=\"button.default\">\n\t\t\t\t<div class=\"elementor-widget-container\">\n\t\t\t\t\t\t\t\t\t<div class=\"elementor-button-wrapper\">\n\t\t\t\t\t<a class=\"elementor-button elementor-button-link elementor-size-lg\" href=\"https:\/\/www.paypal.com\/cgi-bin\/webscr?cmd=_s-xclick&#038;hosted_button_id=EDHSZC2ZSE9HU\">\n\t\t\t\t\t\t<span class=\"elementor-button-content-wrapper\">\n\t\t\t\t\t\t\t\t\t<span class=\"elementor-button-text\">Acheter<\/span>\n\t\t\t\t\t<\/span>\n\t\t\t\t\t<\/a>\n\t\t\t\t<\/div>\n\t\t\t\t\t\t\t\t<\/div>\n\t\t\t\t<\/div>\n\t\t\t\t\t<\/div>\n\t\t<\/div>\n\t\t\t\t\t<\/div>\n\t\t<\/section>\n\t\t\t\t<section class=\"elementor-section elementor-top-section elementor-element elementor-element-27c5a77 elementor-section-boxed elementor-section-height-default elementor-section-height-default\" data-id=\"27c5a77\" data-element_type=\"section\">\n\t\t\t\t\t\t<div class=\"elementor-container elementor-column-gap-default\">\n\t\t\t\t\t<div class=\"elementor-column elementor-col-100 elementor-top-column elementor-element elementor-element-3304448\" data-id=\"3304448\" data-element_type=\"column\">\n\t\t\t<div class=\"elementor-widget-wrap elementor-element-populated\">\n\t\t\t\t\t\t<div class=\"elementor-element elementor-element-c3552de elementor-widget elementor-widget-heading\" data-id=\"c3552de\" data-element_type=\"widget\" data-widget_type=\"heading.default\">\n\t\t\t\t<div class=\"elementor-widget-container\">\n\t\t\t\t\t<h2 class=\"elementor-heading-title elementor-size-default\"><b>Am\u00e9nagement Fourgon<\/b><br>\u00c9tag\u00e8res fibre de verre<\/h2>\t\t\t\t<\/div>\n\t\t\t\t<\/div>\n\t\t\t\t<div class=\"elementor-element elementor-element-5806b59 elementor-widget elementor-widget-image\" data-id=\"5806b59\" data-element_type=\"widget\" data-widget_type=\"image.default\">\n\t\t\t\t<div class=\"elementor-widget-container\">\n\t\t\t\t\t\t\t\t\t\t\t\t\t\t\t<img fetchpriority=\"high\" decoding=\"async\" width=\"525\" height=\"307\" src=\"https:\/\/jacquemond-france.com\/wp-content\/uploads\/2022\/11\/etagerexo-1024x598.png\" class=\"attachment-large size-large wp-image-20879\" alt=\"Etageres pour Fourgon par DBJ Prod\" srcset=\"https:\/\/jacquemond-france.com\/wp-content\/uploads\/2022\/11\/etagerexo-1024x598.png 1024w, https:\/\/jacquemond-france.com\/wp-content\/uploads\/2022\/11\/etagerexo-300x175.png 300w, https:\/\/jacquemond-france.com\/wp-content\/uploads\/2022\/11\/etagerexo-768x449.png 768w, https:\/\/jacquemond-france.com\/wp-content\/uploads\/2022\/11\/etagerexo-350x204.png 350w, https:\/\/jacquemond-france.com\/wp-content\/uploads\/2022\/11\/etagerexo.png 1080w\" sizes=\"100vw\" \/>\t\t\t\t\t\t\t\t\t\t\t\t\t\t\t<\/div>\n\t\t\t\t<\/div>\n\t\t\t\t<div class=\"elementor-element elementor-element-8b183af elementor-widget elementor-widget-heading\" data-id=\"8b183af\" data-element_type=\"widget\" data-widget_type=\"heading.default\">\n\t\t\t\t<div class=\"elementor-widget-container\">\n\t\t\t\t\t<h2 class=\"elementor-heading-title elementor-size-default\"><b>Prix sp\u00e9cial<br>Euros 1000.00<\/b><br>+ 89.00 d'emballage\/expedition.<\/h2>\t\t\t\t<\/div>\n\t\t\t\t<\/div>\n\t\t\t\t<div class=\"elementor-element elementor-element-3d94060 elementor-align-center elementor-widget elementor-widget-button\" data-id=\"3d94060\" data-element_type=\"widget\" data-widget_type=\"button.default\">\n\t\t\t\t<div class=\"elementor-widget-container\">\n\t\t\t\t\t\t\t\t\t<div class=\"elementor-button-wrapper\">\n\t\t\t\t\t<a class=\"elementor-button elementor-button-link elementor-size-lg\" href=\"https:\/\/www.paypal.com\/cgi-bin\/webscr?cmd=_s-xclick&#038;hosted_button_id=EDHSZC2ZSE9HU\">\n\t\t\t\t\t\t<span class=\"elementor-button-content-wrapper\">\n\t\t\t\t\t\t\t\t\t<span class=\"elementor-button-text\">Acheter<\/span>\n\t\t\t\t\t<\/span>\n\t\t\t\t\t<\/a>\n\t\t\t\t<\/div>\n\t\t\t\t\t\t\t\t<\/div>\n\t\t\t\t<\/div>\n\t\t\t\t\t<\/div>\n\t\t<\/div>\n\t\t\t\t\t<\/div>\n\t\t<\/section>\n\t\t\t\t<section class=\"elementor-section elementor-top-section elementor-element elementor-element-4cba29b elementor-section-boxed elementor-section-height-default elementor-section-height-default\" data-id=\"4cba29b\" data-element_type=\"section\">\n\t\t\t\t\t\t<div class=\"elementor-container elementor-column-gap-default\">\n\t\t\t\t\t<div class=\"elementor-column elementor-col-100 elementor-top-column elementor-element elementor-element-a90c9c9\" data-id=\"a90c9c9\" data-element_type=\"column\">\n\t\t\t<div class=\"elementor-widget-wrap elementor-element-populated\">\n\t\t\t\t\t\t<div class=\"elementor-element elementor-element-f122186 elementor-widget elementor-widget-heading\" data-id=\"f122186\" data-element_type=\"widget\" data-widget_type=\"heading.default\">\n\t\t\t\t<div class=\"elementor-widget-container\">\n\t\t\t\t\t<h2 class=\"elementor-heading-title elementor-size-default\"><b>Am\u00e9nagement Fourgon<\/b><br>\u00c9tag\u00e8res fibre de verre<\/h2>\t\t\t\t<\/div>\n\t\t\t\t<\/div>\n\t\t\t\t<div class=\"elementor-element elementor-element-fd6de24 elementor-widget elementor-widget-image\" data-id=\"fd6de24\" data-element_type=\"widget\" data-widget_type=\"image.default\">\n\t\t\t\t<div class=\"elementor-widget-container\">\n\t\t\t\t\t\t\t\t\t\t\t\t\t\t\t<img fetchpriority=\"high\" decoding=\"async\" width=\"525\" height=\"307\" src=\"https:\/\/jacquemond-france.com\/wp-content\/uploads\/2022\/11\/etagerexo-1024x598.png\" class=\"attachment-large size-large wp-image-20879\" alt=\"Etageres pour Fourgon par DBJ Prod\" srcset=\"https:\/\/jacquemond-france.com\/wp-content\/uploads\/2022\/11\/etagerexo-1024x598.png 1024w, https:\/\/jacquemond-france.com\/wp-content\/uploads\/2022\/11\/etagerexo-300x175.png 300w, https:\/\/jacquemond-france.com\/wp-content\/uploads\/2022\/11\/etagerexo-768x449.png 768w, https:\/\/jacquemond-france.com\/wp-content\/uploads\/2022\/11\/etagerexo-350x204.png 350w, https:\/\/jacquemond-france.com\/wp-content\/uploads\/2022\/11\/etagerexo.png 1080w\" sizes=\"100vw\" \/>\t\t\t\t\t\t\t\t\t\t\t\t\t\t\t<\/div>\n\t\t\t\t<\/div>\n\t\t\t\t<div class=\"elementor-element elementor-element-e20f633 elementor-widget elementor-widget-heading\" data-id=\"e20f633\" data-element_type=\"widget\" data-widget_type=\"heading.default\">\n\t\t\t\t<div class=\"elementor-widget-container\">\n\t\t\t\t\t<h2 class=\"elementor-heading-title elementor-size-default\"><b>Prix sp\u00e9cial<br>Euros 1000.00<\/b><br>+ 89.00 d'emballage\/expedition.<\/h2>\t\t\t\t<\/div>\n\t\t\t\t<\/div>\n\t\t\t\t<div class=\"elementor-element elementor-element-04ae76c elementor-align-center elementor-widget elementor-widget-button\" data-id=\"04ae76c\" data-element_type=\"widget\" data-widget_type=\"button.default\">\n\t\t\t\t<div class=\"elementor-widget-container\">\n\t\t\t\t\t\t\t\t\t<div class=\"elementor-button-wrapper\">\n\t\t\t\t\t<a class=\"elementor-button elementor-button-link elementor-size-lg\" href=\"https:\/\/www.paypal.com\/cgi-bin\/webscr?cmd=_s-xclick&#038;hosted_button_id=EDHSZC2ZSE9HU\">\n\t\t\t\t\t\t<span class=\"elementor-button-content-wrapper\">\n\t\t\t\t\t\t\t\t\t<span class=\"elementor-button-text\">Acheter<\/span>\n\t\t\t\t\t<\/span>\n\t\t\t\t\t<\/a>\n\t\t\t\t<\/div>\n\t\t\t\t\t\t\t\t<\/div>\n\t\t\t\t<\/div>\n\t\t\t\t\t<\/div>\n\t\t<\/div>\n\t\t\t\t\t<\/div>\n\t\t<\/section>\n\t\t\t\t<section class=\"elementor-section elementor-top-section elementor-element elementor-element-5b2e92a elementor-section-boxed elementor-section-height-default elementor-section-height-default\" data-id=\"5b2e92a\" data-element_type=\"section\" id=\"valise\">\n\t\t\t\t\t\t<div class=\"elementor-container elementor-column-gap-default\">\n\t\t\t\t\t<div class=\"elementor-column elementor-col-100 elementor-top-column elementor-element elementor-element-ae7e25b\" data-id=\"ae7e25b\" data-element_type=\"column\">\n\t\t\t<div class=\"elementor-widget-wrap elementor-element-populated\">\n\t\t\t\t\t\t<div class=\"elementor-element elementor-element-2390332 elementor-widget elementor-widget-heading\" data-id=\"2390332\" data-element_type=\"widget\" id=\"ventenoel996\" data-widget_type=\"heading.default\">\n\t\t\t\t<div class=\"elementor-widget-container\">\n\t\t\t\t\t<h2 class=\"elementor-heading-title elementor-size-default\"><b>Am\u00e9nagement Fourgon<\/b><br>\u00c9tag\u00e8res fibre de verre<\/h2>\t\t\t\t<\/div>\n\t\t\t\t<\/div>\n\t\t\t\t<div class=\"elementor-element elementor-element-de40b24 elementor-widget elementor-widget-image\" data-id=\"de40b24\" data-element_type=\"widget\" data-widget_type=\"image.default\">\n\t\t\t\t<div class=\"elementor-widget-container\">\n\t\t\t\t\t\t\t\t\t\t\t\t\t\t\t<img fetchpriority=\"high\" decoding=\"async\" width=\"525\" height=\"307\" src=\"https:\/\/jacquemond-france.com\/wp-content\/uploads\/2022\/11\/etagerexo-1024x598.png\" class=\"attachment-large size-large wp-image-20879\" alt=\"Etageres pour Fourgon par DBJ Prod\" srcset=\"https:\/\/jacquemond-france.com\/wp-content\/uploads\/2022\/11\/etagerexo-1024x598.png 1024w, https:\/\/jacquemond-france.com\/wp-content\/uploads\/2022\/11\/etagerexo-300x175.png 300w, https:\/\/jacquemond-france.com\/wp-content\/uploads\/2022\/11\/etagerexo-768x449.png 768w, https:\/\/jacquemond-france.com\/wp-content\/uploads\/2022\/11\/etagerexo-350x204.png 350w, https:\/\/jacquemond-france.com\/wp-content\/uploads\/2022\/11\/etagerexo.png 1080w\" sizes=\"100vw\" \/>\t\t\t\t\t\t\t\t\t\t\t\t\t\t\t<\/div>\n\t\t\t\t<\/div>\n\t\t\t\t<div class=\"elementor-element elementor-element-6f2e0e0 elementor-widget elementor-widget-heading\" data-id=\"6f2e0e0\" data-element_type=\"widget\" id=\"ventenoel996\" data-widget_type=\"heading.default\">\n\t\t\t\t<div class=\"elementor-widget-container\">\n\t\t\t\t\t<h2 class=\"elementor-heading-title elementor-size-default\"><b>Prix sp\u00e9cial<br>Euros 1000.00<\/b><br>+ 89.00 d'emballage\/expedition.<\/h2>\t\t\t\t<\/div>\n\t\t\t\t<\/div>\n\t\t\t\t<div class=\"elementor-element elementor-element-b235776 elementor-align-center elementor-widget elementor-widget-button\" data-id=\"b235776\" data-element_type=\"widget\" data-widget_type=\"button.default\">\n\t\t\t\t<div class=\"elementor-widget-container\">\n\t\t\t\t\t\t\t\t\t<div class=\"elementor-button-wrapper\">\n\t\t\t\t\t<a class=\"elementor-button elementor-button-link elementor-size-lg\" href=\"https:\/\/www.paypal.com\/cgi-bin\/webscr?cmd=_s-xclick&#038;hosted_button_id=EDHSZC2ZSE9HU\">\n\t\t\t\t\t\t<span class=\"elementor-button-content-wrapper\">\n\t\t\t\t\t\t\t\t\t<span class=\"elementor-button-text\">Acheter<\/span>\n\t\t\t\t\t<\/span>\n\t\t\t\t\t<\/a>\n\t\t\t\t<\/div>\n\t\t\t\t\t\t\t\t<\/div>\n\t\t\t\t<\/div>\n\t\t\t\t\t<\/div>\n\t\t<\/div>\n\t\t\t\t\t<\/div>\n\t\t<\/section>\n\t\t\t\t<\/div>\n\t\t","protected":false},"excerpt":{"rendered":"<p>Am\u00e9nagement Fourgon\u00c9tag\u00e8res fibre de verre Prix sp\u00e9cialEuros 1000.00+ 89.00 d&#8217;emballage\/expedition. Acheter Am\u00e9nagement Fourgon\u00c9tag\u00e8res fibre de verre Prix sp\u00e9cialEuros 1000.00+ 89.00 d&#8217;emballage\/expedition. Acheter Am\u00e9nagement Fourgon\u00c9tag\u00e8res fibre de verre Prix sp\u00e9cialEuros 1000.00+ 89.00 d&#8217;emballage\/expedition. Acheter Am\u00e9nagement Fourgon\u00c9tag\u00e8res fibre de verre Prix sp\u00e9cialEuros 1000.00+ 89.00 d&#8217;emballage\/expedition. Acheter<\/p>\n","protected":false},"author":1,"featured_media":0,"parent":0,"menu_order":0,"comment_status":"closed","ping_status":"closed","template":"","meta":{"_monsterinsights_skip_tracking":false,"_monsterinsights_sitenote_active":false,"_monsterinsights_sitenote_note":"","_monsterinsights_sitenote_category":0,"footnotes":""},"class_list":["post-20858","page","type-page","status-publish","hentry"],"_links":{"self":[{"href":"https:\/\/jacquemond-france.com\/index.php\/wp-json\/wp\/v2\/pages\/20858","targetHints":{"allow":["GET"]}}],"collection":[{"href":"https:\/\/jacquemond-france.com\/index.php\/wp-json\/wp\/v2\/pages"}],"about":[{"href":"https:\/\/jacquemond-france.com\/index.php\/wp-json\/wp\/v2\/types\/page"}],"author":[{"embeddable":true,"href":"https:\/\/jacquemond-france.com\/index.php\/wp-json\/wp\/v2\/users\/1"}],"replies":[{"embeddable":true,"href":"https:\/\/jacquemond-france.com\/index.php\/wp-json\/wp\/v2\/comments?post=20858"}],"version-history":[{"count":30,"href":"https:\/\/jacquemond-france.com\/index.php\/wp-json\/wp\/v2\/pages\/20858\/revisions"}],"predecessor-version":[{"id":21110,"href":"https:\/\/jacquemond-france.com\/index.php\/wp-json\/wp\/v2\/pages\/20858\/revisions\/21110"}],"wp:attachment":[{"href":"https:\/\/jacquemond-france.com\/index.php\/wp-json\/wp\/v2\/media?parent=20858"}],"curies":[{"name":"wp","href":"https:\/\/api.w.org\/{rel}","templated":true}]}}