{"id":20908,"date":"2022-11-28T07:59:54","date_gmt":"2022-11-28T06:59:54","guid":{"rendered":"http:\/\/jacquemond-france.com\/?page_id=20908"},"modified":"2022-11-28T08:00:46","modified_gmt":"2022-11-28T07:00:46","slug":"tarif-992","status":"publish","type":"page","link":"https:\/\/jacquemond-france.com\/index.php\/tarif-992\/","title":{"rendered":"Tarif 992"},"content":{"rendered":"\t\t<div data-elementor-type=\"wp-page\" data-elementor-id=\"20908\" class=\"elementor elementor-20908\" data-elementor-post-type=\"page\">\n\t\t\t\t\t\t<section class=\"elementor-section elementor-top-section elementor-element elementor-element-7c33937e elementor-section-boxed elementor-section-height-default elementor-section-height-default\" data-id=\"7c33937e\" data-element_type=\"section\">\n\t\t\t\t\t\t<div class=\"elementor-container elementor-column-gap-default\">\n\t\t\t\t\t<div class=\"elementor-column elementor-col-100 elementor-top-column elementor-element elementor-element-716f03a2\" data-id=\"716f03a2\" data-element_type=\"column\">\n\t\t\t<div class=\"elementor-widget-wrap elementor-element-populated\">\n\t\t\t\t\t\t<div class=\"elementor-element elementor-element-39a35b72 elementor-widget elementor-widget-text-editor\" data-id=\"39a35b72\" data-element_type=\"widget\" data-widget_type=\"text-editor.default\">\n\t\t\t\t<div class=\"elementor-widget-container\">\n\t\t\t\t\t\t\t\t\t\t\t\t\t\t\t\t\t<\/div>\n\t\t\t\t<\/div>\n\t\t\t\t\t<\/div>\n\t\t<\/div>\n\t\t\t\t\t<\/div>\n\t\t<\/section>\n\t\t\t\t<section class=\"elementor-section elementor-top-section elementor-element elementor-element-e31f4a4 elementor-section-stretched elementor-section-boxed elementor-section-height-default elementor-section-height-default\" data-id=\"e31f4a4\" data-element_type=\"section\" data-settings=\"{&quot;stretch_section&quot;:&quot;section-stretched&quot;}\">\n\t\t\t\t\t\t<div class=\"elementor-container elementor-column-gap-default\">\n\t\t\t\t\t<div class=\"elementor-column elementor-col-100 elementor-top-column elementor-element elementor-element-4fcabdf\" data-id=\"4fcabdf\" data-element_type=\"column\">\n\t\t\t<div class=\"elementor-widget-wrap elementor-element-populated\">\n\t\t\t\t\t\t<div class=\"elementor-element elementor-element-e862d3e elementor-widget elementor-widget-heading\" data-id=\"e862d3e\" data-element_type=\"widget\" data-widget_type=\"heading.default\">\n\t\t\t\t<div class=\"elementor-widget-container\">\n\t\t\t\t\t<h2 class=\"elementor-heading-title elementor-size-default\">Demande de Tarif<br><b>Porsche 992<\/b><\/h2>\t\t\t\t<\/div>\n\t\t\t\t<\/div>\n\t\t\t\t<div class=\"elementor-element elementor-element-d3b008d elementor-button-align-center elementor-widget elementor-widget-form\" data-id=\"d3b008d\" data-element_type=\"widget\" data-settings=\"{&quot;button_width&quot;:&quot;40&quot;,&quot;step_next_label&quot;:&quot;Suivant&quot;,&quot;step_previous_label&quot;:&quot;Pr\\u00e9c\\u00e9dent&quot;,&quot;step_type&quot;:&quot;number_text&quot;,&quot;step_icon_shape&quot;:&quot;circle&quot;}\" data-widget_type=\"form.default\">\n\t\t\t\t<div class=\"elementor-widget-container\">\n\t\t\t\t\t\t\t<form class=\"elementor-form\" method=\"post\" name=\"Nouveau formulaire\">\n\t\t\t<input type=\"hidden\" name=\"post_id\" value=\"20908\"\/>\n\t\t\t<input type=\"hidden\" name=\"form_id\" value=\"d3b008d\"\/>\n\t\t\t<input type=\"hidden\" name=\"referer_title\" value=\"\" \/>\n\n\t\t\t\n\t\t\t<div class=\"elementor-form-fields-wrapper elementor-labels-above\">\n\t\t\t\t\t\t\t\t<div class=\"elementor-field-type-text elementor-field-group elementor-column elementor-field-group-name elementor-col-33\">\n\t\t\t\t\t\t\t\t\t\t\t\t<label for=\"form-field-name\" class=\"elementor-field-label\">\n\t\t\t\t\t\t\t\tNom\t\t\t\t\t\t\t<\/label>\n\t\t\t\t\t\t\t\t\t\t\t\t\t\t<input size=\"1\" type=\"text\" name=\"form_fields[name]\" id=\"form-field-name\" class=\"elementor-field elementor-size-sm  elementor-field-textual\" placeholder=\"Nom\">\n\t\t\t\t\t\t\t\t\t\t\t<\/div>\n\t\t\t\t\t\t\t\t<div class=\"elementor-field-type-email elementor-field-group elementor-column elementor-field-group-email elementor-col-33 elementor-field-required\">\n\t\t\t\t\t\t\t\t\t\t\t\t<label for=\"form-field-email\" class=\"elementor-field-label\">\n\t\t\t\t\t\t\t\tE-mail\t\t\t\t\t\t\t<\/label>\n\t\t\t\t\t\t\t\t\t\t\t\t\t\t<input size=\"1\" type=\"email\" name=\"form_fields[email]\" id=\"form-field-email\" class=\"elementor-field elementor-size-sm  elementor-field-textual\" placeholder=\"E-mail\" required=\"required\">\n\t\t\t\t\t\t\t\t\t\t\t<\/div>\n\t\t\t\t\t\t\t\t<div class=\"elementor-field-type-email elementor-field-group elementor-column elementor-field-group-field_79abe01 elementor-col-33 elementor-field-required\">\n\t\t\t\t\t\t\t\t\t\t\t\t<label for=\"form-field-field_79abe01\" class=\"elementor-field-label\">\n\t\t\t\t\t\t\t\tConfirmez E-mail\t\t\t\t\t\t\t<\/label>\n\t\t\t\t\t\t\t\t\t\t\t\t\t\t<input size=\"1\" type=\"email\" name=\"form_fields[field_79abe01]\" id=\"form-field-field_79abe01\" class=\"elementor-field elementor-size-sm  elementor-field-textual\" placeholder=\"E-mail\" required=\"required\">\n\t\t\t\t\t\t\t\t\t\t\t<\/div>\n\t\t\t\t\t\t\t\t<div class=\"elementor-field-type-tel elementor-field-group elementor-column elementor-field-group-field_dfed8fc elementor-col-33\">\n\t\t\t\t\t\t\t\t\t\t\t\t<label for=\"form-field-field_dfed8fc\" class=\"elementor-field-label\">\n\t\t\t\t\t\t\t\tT\u00e9l\u00e9phone\t\t\t\t\t\t\t<\/label>\n\t\t\t\t\t\t\t\t<input size=\"1\" type=\"tel\" name=\"form_fields[field_dfed8fc]\" id=\"form-field-field_dfed8fc\" class=\"elementor-field elementor-size-sm  elementor-field-textual\" pattern=\"[0-9()#&amp;+*-=.]+\" title=\"Seuls les caract\u00e8res de num\u00e9ros de t\u00e9l\u00e9phone (#, -, *, etc.) sont accept\u00e9s.\">\n\n\t\t\t\t\t\t<\/div>\n\t\t\t\t\t\t\t\t<div class=\"elementor-field-type-text elementor-field-group elementor-column elementor-field-group-field_5afecbe elementor-col-33\">\n\t\t\t\t\t\t\t\t\t\t\t\t<label for=\"form-field-field_5afecbe\" class=\"elementor-field-label\">\n\t\t\t\t\t\t\t\tVille\/D\u00e9partement\t\t\t\t\t\t\t<\/label>\n\t\t\t\t\t\t\t\t\t\t\t\t\t\t<input size=\"1\" type=\"text\" name=\"form_fields[field_5afecbe]\" id=\"form-field-field_5afecbe\" class=\"elementor-field elementor-size-sm  elementor-field-textual\">\n\t\t\t\t\t\t\t\t\t\t\t<\/div>\n\t\t\t\t\t\t\t\t<div class=\"elementor-field-type-text elementor-field-group elementor-column elementor-field-group-field_0e8c565 elementor-col-25\">\n\t\t\t\t\t\t\t\t\t\t\t\t<label for=\"form-field-field_0e8c565\" class=\"elementor-field-label\">\n\t\t\t\t\t\t\t\tAnn\u00e9e de votre 992\t\t\t\t\t\t\t<\/label>\n\t\t\t\t\t\t\t\t\t\t\t\t\t\t<input size=\"1\" type=\"text\" name=\"form_fields[field_0e8c565]\" id=\"form-field-field_0e8c565\" class=\"elementor-field elementor-size-sm  elementor-field-textual\">\n\t\t\t\t\t\t\t\t\t\t\t<\/div>\n\t\t\t\t\t\t\t\t<div class=\"elementor-field-type-radio elementor-field-group elementor-column elementor-field-group-field_455a850 elementor-col-50\">\n\t\t\t\t\t\t\t\t\t\t\t\t<label for=\"form-field-field_455a850\" class=\"elementor-field-label\">\n\t\t\t\t\t\t\t\tMod\u00e8le\t\t\t\t\t\t\t<\/label>\n\t\t\t\t\t\t<div class=\"elementor-field-subgroup  \"><span class=\"elementor-field-option\"><input type=\"radio\" value=\"Porsche 992 Carrera\" id=\"form-field-field_455a850-0\" name=\"form_fields[field_455a850]\"> <label for=\"form-field-field_455a850-0\">Porsche 992 Carrera<\/label><\/span><span class=\"elementor-field-option\"><input type=\"radio\" value=\"Porsche 992 Carrera S\" id=\"form-field-field_455a850-1\" name=\"form_fields[field_455a850]\"> <label for=\"form-field-field_455a850-1\">Porsche 992 Carrera S<\/label><\/span><span class=\"elementor-field-option\"><input type=\"radio\" value=\"Porsche 992 Carrera 4\" id=\"form-field-field_455a850-2\" name=\"form_fields[field_455a850]\"> <label for=\"form-field-field_455a850-2\">Porsche 992 Carrera 4<\/label><\/span><span class=\"elementor-field-option\"><input type=\"radio\" value=\"Porsche 992 Carrera 4S\" id=\"form-field-field_455a850-3\" name=\"form_fields[field_455a850]\"> <label for=\"form-field-field_455a850-3\">Porsche 992 Carrera 4S<\/label><\/span><\/div>\t\t\t\t<\/div>\n\t\t\t\t\t\t\t\t<div class=\"elementor-field-type-radio elementor-field-group elementor-column elementor-field-group-field_85dd38e elementor-col-33\">\n\t\t\t\t\t\t\t\t\t\t\t\t<label for=\"form-field-field_85dd38e\" class=\"elementor-field-label\">\n\t\t\t\t\t\t\t\tCarrosserie\t\t\t\t\t\t\t<\/label>\n\t\t\t\t\t\t<div class=\"elementor-field-subgroup  \"><span class=\"elementor-field-option\"><input type=\"radio\" value=\"Coup\u00e9\" id=\"form-field-field_85dd38e-0\" name=\"form_fields[field_85dd38e]\"> <label for=\"form-field-field_85dd38e-0\">Coup\u00e9<\/label><\/span><span class=\"elementor-field-option\"><input type=\"radio\" value=\"Cabriolet\" id=\"form-field-field_85dd38e-1\" name=\"form_fields[field_85dd38e]\"> <label for=\"form-field-field_85dd38e-1\">Cabriolet<\/label><\/span><span class=\"elementor-field-option\"><input type=\"radio\" value=\"Targa\" id=\"form-field-field_85dd38e-2\" name=\"form_fields[field_85dd38e]\"> <label for=\"form-field-field_85dd38e-2\">Targa<\/label><\/span><\/div>\t\t\t\t<\/div>\n\t\t\t\t\t\t\t\t<div class=\"elementor-field-type-radio elementor-field-group elementor-column elementor-field-group-field_66fbcf2 elementor-col-50\">\n\t\t\t\t\t\t\t\t\t\t\t\t<label for=\"form-field-field_66fbcf2\" class=\"elementor-field-label\">\n\t\t\t\t\t\t\t\tEtes-vous int\u00e9ress\u00e9 par le montage\/peinture dans nos ateliers lyonnais ( 5 \u00e0 7 jours )\t\t\t\t\t\t\t<\/label>\n\t\t\t\t\t\t<div class=\"elementor-field-subgroup  \"><span class=\"elementor-field-option\"><input type=\"radio\" value=\"Oui\" id=\"form-field-field_66fbcf2-0\" name=\"form_fields[field_66fbcf2]\"> <label for=\"form-field-field_66fbcf2-0\">Oui<\/label><\/span><span class=\"elementor-field-option\"><input type=\"radio\" value=\"Non\" id=\"form-field-field_66fbcf2-1\" name=\"form_fields[field_66fbcf2]\"> <label for=\"form-field-field_66fbcf2-1\">Non<\/label><\/span><span class=\"elementor-field-option\"><input type=\"radio\" value=\"Ne sais pas\" id=\"form-field-field_66fbcf2-2\" name=\"form_fields[field_66fbcf2]\"> <label for=\"form-field-field_66fbcf2-2\">Ne sais pas<\/label><\/span><\/div>\t\t\t\t<\/div>\n\t\t\t\t\t\t\t\t<div class=\"elementor-field-type-radio elementor-field-group elementor-column elementor-field-group-field_cd83dd8 elementor-col-50\">\n\t\t\t\t\t\t\t\t\t\t\t\t<label for=\"form-field-field_cd83dd8\" class=\"elementor-field-label\">\n\t\t\t\t\t\t\t\tEtes-vous int\u00e9ress\u00e9 par une commande\t\t\t\t\t\t\t<\/label>\n\t\t\t\t\t\t<div class=\"elementor-field-subgroup  \"><span class=\"elementor-field-option\"><input type=\"radio\" value=\"dans les prochains jours\" id=\"form-field-field_cd83dd8-0\" name=\"form_fields[field_cd83dd8]\"> <label for=\"form-field-field_cd83dd8-0\">dans les prochains jours<\/label><\/span><span class=\"elementor-field-option\"><input type=\"radio\" value=\"dans les prochaines semaines\" id=\"form-field-field_cd83dd8-1\" name=\"form_fields[field_cd83dd8]\"> <label for=\"form-field-field_cd83dd8-1\">dans les prochaines semaines<\/label><\/span><span class=\"elementor-field-option\"><input type=\"radio\" value=\"dans les prochains mois\" id=\"form-field-field_cd83dd8-2\" name=\"form_fields[field_cd83dd8]\"> <label for=\"form-field-field_cd83dd8-2\">dans les prochains mois<\/label><\/span><\/div>\t\t\t\t<\/div>\n\t\t\t\t\t\t\t\t<div class=\"elementor-field-type-text elementor-field-group elementor-column elementor-field-group-field_37f5d2c elementor-col-100\">\n\t\t\t\t\t\t\t\t\t\t\t\t<label for=\"form-field-field_37f5d2c\" class=\"elementor-field-label\">\n\t\t\t\t\t\t\t\tQuestion, Suggestion, Commentaire ...\t\t\t\t\t\t\t<\/label>\n\t\t\t\t\t\t\t\t\t\t\t\t\t\t<input size=\"1\" type=\"text\" name=\"form_fields[field_37f5d2c]\" id=\"form-field-field_37f5d2c\" class=\"elementor-field elementor-size-sm  elementor-field-textual\">\n\t\t\t\t\t\t\t\t\t\t\t<\/div>\n\t\t\t\t\t\t\t\t<div class=\"elementor-field-group elementor-column elementor-field-type-submit elementor-col-40 e-form__buttons\">\n\t\t\t\t\t<button class=\"elementor-button elementor-size-sm\" type=\"submit\">\n\t\t\t\t\t\t<span class=\"elementor-button-content-wrapper\">\n\t\t\t\t\t\t\t\t\t\t\t\t\t\t\t\t\t\t\t\t\t\t<span class=\"elementor-button-text\">Envoyer<\/span>\n\t\t\t\t\t\t\t\t\t\t\t\t\t<\/span>\n\t\t\t\t\t<\/button>\n\t\t\t\t<\/div>\n\t\t\t<\/div>\n\t\t<\/form>\n\t\t\t\t\t\t<\/div>\n\t\t\t\t<\/div>\n\t\t\t\t\t<\/div>\n\t\t<\/div>\n\t\t\t\t\t<\/div>\n\t\t<\/section>\n\t\t\t\t<\/div>\n\t\t","protected":false},"excerpt":{"rendered":"<p>Demande de TarifPorsche 992<\/p>\n","protected":false},"author":1,"featured_media":0,"parent":0,"menu_order":0,"comment_status":"closed","ping_status":"closed","template":"","meta":{"_monsterinsights_skip_tracking":false,"_monsterinsights_sitenote_active":false,"_monsterinsights_sitenote_note":"","_monsterinsights_sitenote_category":0,"footnotes":""},"class_list":["post-20908","page","type-page","status-publish","hentry"],"_links":{"self":[{"href":"https:\/\/jacquemond-france.com\/index.php\/wp-json\/wp\/v2\/pages\/20908","targetHints":{"allow":["GET"]}}],"collection":[{"href":"https:\/\/jacquemond-france.com\/index.php\/wp-json\/wp\/v2\/pages"}],"about":[{"href":"https:\/\/jacquemond-france.com\/index.php\/wp-json\/wp\/v2\/types\/page"}],"author":[{"embeddable":true,"href":"https:\/\/jacquemond-france.com\/index.php\/wp-json\/wp\/v2\/users\/1"}],"replies":[{"embeddable":true,"href":"https:\/\/jacquemond-france.com\/index.php\/wp-json\/wp\/v2\/comments?post=20908"}],"version-history":[{"count":2,"href":"https:\/\/jacquemond-france.com\/index.php\/wp-json\/wp\/v2\/pages\/20908\/revisions"}],"predecessor-version":[{"id":20910,"href":"https:\/\/jacquemond-france.com\/index.php\/wp-json\/wp\/v2\/pages\/20908\/revisions\/20910"}],"wp:attachment":[{"href":"https:\/\/jacquemond-france.com\/index.php\/wp-json\/wp\/v2\/media?parent=20908"}],"curies":[{"name":"wp","href":"https:\/\/api.w.org\/{rel}","templated":true}]}}