{"id":21374,"date":"2023-01-12T07:35:18","date_gmt":"2023-01-12T06:35:18","guid":{"rendered":"http:\/\/jacquemond-france.com\/?page_id=21374"},"modified":"2026-03-02T09:10:37","modified_gmt":"2026-03-02T08:10:37","slug":"tarifs-996-octobre-2025","status":"publish","type":"page","link":"https:\/\/jacquemond-france.com\/index.php\/tarifs-996-octobre-2025\/","title":{"rendered":"Tarifs 996 octobre 2025"},"content":{"rendered":"\t\t<div data-elementor-type=\"wp-page\" data-elementor-id=\"21374\" class=\"elementor elementor-21374\" data-elementor-post-type=\"page\">\n\t\t\t\t\t\t<section class=\"elementor-section elementor-top-section elementor-element elementor-element-72f4f02d elementor-section-boxed elementor-section-height-default elementor-section-height-default\" data-id=\"72f4f02d\" data-element_type=\"section\">\n\t\t\t\t\t\t<div class=\"elementor-container elementor-column-gap-default\">\n\t\t\t\t\t<div class=\"elementor-column elementor-col-100 elementor-top-column elementor-element elementor-element-767bbc1\" data-id=\"767bbc1\" data-element_type=\"column\">\n\t\t\t<div class=\"elementor-widget-wrap elementor-element-populated\">\n\t\t\t\t\t\t<div class=\"elementor-element elementor-element-248eaa66 elementor-widget elementor-widget-text-editor\" data-id=\"248eaa66\" data-element_type=\"widget\" data-widget_type=\"text-editor.default\">\n\t\t\t\t<div class=\"elementor-widget-container\">\n\t\t\t\t\t\t\t\t\t\t\t\t\t\t\t\t\t<\/div>\n\t\t\t\t<\/div>\n\t\t\t\t\t<\/div>\n\t\t<\/div>\n\t\t\t\t\t<\/div>\n\t\t<\/section>\n\t\t\t\t<section class=\"elementor-section elementor-top-section elementor-element elementor-element-71674a5 elementor-section-height-min-height elementor-section-items-stretch elementor-section-stretched elementor-section-boxed elementor-section-height-default\" data-id=\"71674a5\" data-element_type=\"section\" data-settings=\"{&quot;stretch_section&quot;:&quot;section-stretched&quot;,&quot;background_background&quot;:&quot;classic&quot;}\">\n\t\t\t\t\t\t<div class=\"elementor-container elementor-column-gap-default\">\n\t\t\t\t\t<div class=\"elementor-column elementor-col-100 elementor-top-column elementor-element elementor-element-1ad7463\" data-id=\"1ad7463\" data-element_type=\"column\">\n\t\t\t<div class=\"elementor-widget-wrap elementor-element-populated\">\n\t\t\t\t\t\t<div class=\"elementor-element elementor-element-5858d3d elementor-widget elementor-widget-heading\" data-id=\"5858d3d\" data-element_type=\"widget\" data-widget_type=\"heading.default\">\n\t\t\t\t<div class=\"elementor-widget-container\">\n\t\t\t\t\t<h2 class=\"elementor-heading-title elementor-size-default\">Porsche <b>996<\/b> <\/h2>\t\t\t\t<\/div>\n\t\t\t\t<\/div>\n\t\t\t\t<div class=\"elementor-element elementor-element-56f4fe2 elementor-button-align-stretch elementor-widget elementor-widget-form\" data-id=\"56f4fe2\" data-element_type=\"widget\" data-settings=\"{&quot;button_width&quot;:&quot;25&quot;,&quot;step_next_label&quot;:&quot;Suivant&quot;,&quot;step_previous_label&quot;:&quot;Pr\\u00e9c\\u00e9dent&quot;,&quot;step_type&quot;:&quot;number_text&quot;,&quot;step_icon_shape&quot;:&quot;circle&quot;}\" data-widget_type=\"form.default\">\n\t\t\t\t<div class=\"elementor-widget-container\">\n\t\t\t\t\t\t\t<form class=\"elementor-form\" method=\"post\" name=\"New Form\">\n\t\t\t<input type=\"hidden\" name=\"post_id\" value=\"21374\"\/>\n\t\t\t<input type=\"hidden\" name=\"form_id\" value=\"56f4fe2\"\/>\n\t\t\t<input type=\"hidden\" name=\"referer_title\" value=\"\" \/>\n\n\t\t\t\n\t\t\t<div class=\"elementor-form-fields-wrapper elementor-labels-above\">\n\t\t\t\t\t\t\t\t<div class=\"elementor-field-type-text elementor-field-group elementor-column elementor-field-group-name elementor-col-33\">\n\t\t\t\t\t\t\t\t\t\t\t\t\t<input size=\"1\" type=\"text\" name=\"form_fields[name]\" id=\"form-field-name\" class=\"elementor-field elementor-size-md  elementor-field-textual\" placeholder=\"Nom, Pr\u00e9nom\">\n\t\t\t\t\t\t\t\t\t\t\t<\/div>\n\t\t\t\t\t\t\t\t<div class=\"elementor-field-type-email elementor-field-group elementor-column elementor-field-group-email elementor-col-33\">\n\t\t\t\t\t\t\t\t\t\t\t\t\t<input size=\"1\" type=\"email\" name=\"form_fields[email]\" id=\"form-field-email\" class=\"elementor-field elementor-size-md  elementor-field-textual\" placeholder=\"Email\">\n\t\t\t\t\t\t\t\t\t\t\t<\/div>\n\t\t\t\t\t\t\t\t<div class=\"elementor-field-type-email elementor-field-group elementor-column elementor-field-group-field_6737213 elementor-col-33\">\n\t\t\t\t\t\t\t\t\t\t\t\t\t<input size=\"1\" type=\"email\" name=\"form_fields[field_6737213]\" id=\"form-field-field_6737213\" class=\"elementor-field elementor-size-md  elementor-field-textual\" placeholder=\"Confirmer Email\">\n\t\t\t\t\t\t\t\t\t\t\t<\/div>\n\t\t\t\t\t\t\t\t<div class=\"elementor-field-type-text elementor-field-group elementor-column elementor-field-group-field_5 elementor-col-33\">\n\t\t\t\t\t\t\t\t\t\t\t\t<label for=\"form-field-field_5\" class=\"elementor-field-label\">\n\t\t\t\t\t\t\t\tNum\u00e9ro de t\u00e9l\u00e9phone\t\t\t\t\t\t\t<\/label>\n\t\t\t\t\t\t\t\t\t\t\t\t\t\t<input size=\"1\" type=\"text\" name=\"form_fields[field_5]\" id=\"form-field-field_5\" class=\"elementor-field elementor-size-md  elementor-field-textual\" placeholder=\"06 ...\">\n\t\t\t\t\t\t\t\t\t\t\t<\/div>\n\t\t\t\t\t\t\t\t<div class=\"elementor-field-type-radio elementor-field-group elementor-column elementor-field-group-message elementor-col-33\">\n\t\t\t\t\t\t\t\t\t\t\t\t<label for=\"form-field-message\" class=\"elementor-field-label\">\n\t\t\t\t\t\t\t\tQuel modele possedez vous ?\t\t\t\t\t\t\t<\/label>\n\t\t\t\t\t\t<div class=\"elementor-field-subgroup  \"><span class=\"elementor-field-option\"><input type=\"radio\" value=\"Carrera\/ 4\" id=\"form-field-message-0\" name=\"form_fields[message]\"> <label for=\"form-field-message-0\">Carrera\/ 4<\/label><\/span><span class=\"elementor-field-option\"><input type=\"radio\" value=\"Carrera 4S\" id=\"form-field-message-1\" name=\"form_fields[message]\"> <label for=\"form-field-message-1\">Carrera 4S<\/label><\/span><span class=\"elementor-field-option\"><input type=\"radio\" value=\"Turbo\" id=\"form-field-message-2\" name=\"form_fields[message]\"> <label for=\"form-field-message-2\">Turbo<\/label><\/span><\/div>\t\t\t\t<\/div>\n\t\t\t\t\t\t\t\t<div class=\"elementor-field-type-radio elementor-field-group elementor-column elementor-field-group-field_2 elementor-col-33\">\n\t\t\t\t\t\t\t\t\t\t\t\t<label for=\"form-field-field_2\" class=\"elementor-field-label\">\n\t\t\t\t\t\t\t\tPlus pr\u00e9cis\u00e9ment\t\t\t\t\t\t\t<\/label>\n\t\t\t\t\t\t<div class=\"elementor-field-subgroup  \"><span class=\"elementor-field-option\"><input type=\"radio\" value=\"Mod\u00e8le Mk1 (-2001)\" id=\"form-field-field_2-0\" name=\"form_fields[field_2]\"> <label for=\"form-field-field_2-0\">Mod\u00e8le Mk1 (-2001)<\/label><\/span><span class=\"elementor-field-option\"><input type=\"radio\" value=\"Mod\u00e8le Mk2 (2002-)\" id=\"form-field-field_2-1\" name=\"form_fields[field_2]\"> <label for=\"form-field-field_2-1\">Mod\u00e8le Mk2 (2002-)<\/label><\/span><\/div>\t\t\t\t<\/div>\n\t\t\t\t\t\t\t\t<div class=\"elementor-field-type-radio elementor-field-group elementor-column elementor-field-group-field_3 elementor-col-33\">\n\t\t\t\t\t\t\t\t\t\t\t\t<label for=\"form-field-field_3\" class=\"elementor-field-label\">\n\t\t\t\t\t\t\t\tCarrosserie ?\t\t\t\t\t\t\t<\/label>\n\t\t\t\t\t\t<div class=\"elementor-field-subgroup  elementor-subgroup-inline\"><span class=\"elementor-field-option\"><input type=\"radio\" value=\"coup\u00e9\" id=\"form-field-field_3-0\" name=\"form_fields[field_3]\"> <label for=\"form-field-field_3-0\">coup\u00e9<\/label><\/span><span class=\"elementor-field-option\"><input type=\"radio\" value=\"cabriolet\" id=\"form-field-field_3-1\" name=\"form_fields[field_3]\"> <label for=\"form-field-field_3-1\">cabriolet<\/label><\/span><span class=\"elementor-field-option\"><input type=\"radio\" value=\"Targa\" id=\"form-field-field_3-2\" name=\"form_fields[field_3]\"> <label for=\"form-field-field_3-2\">Targa<\/label><\/span><\/div>\t\t\t\t<\/div>\n\t\t\t\t\t\t\t\t<div class=\"elementor-field-type-radio elementor-field-group elementor-column elementor-field-group-4aba5b5 elementor-col-33\">\n\t\t\t\t\t\t\t\t\t\t\t\t<label for=\"form-field-4aba5b5\" class=\"elementor-field-label\">\n\t\t\t\t\t\t\t\tEtes vous int\u00e9ress\u00e9 par le montage dans nos ateliers ?\t\t\t\t\t\t\t<\/label>\n\t\t\t\t\t\t<div class=\"elementor-field-subgroup  elementor-subgroup-inline\"><span class=\"elementor-field-option\"><input type=\"radio\" value=\"oui\" id=\"form-field-4aba5b5-0\" name=\"form_fields[4aba5b5]\"> <label for=\"form-field-4aba5b5-0\">oui<\/label><\/span><span class=\"elementor-field-option\"><input type=\"radio\" value=\"non\" id=\"form-field-4aba5b5-1\" name=\"form_fields[4aba5b5]\"> <label for=\"form-field-4aba5b5-1\">non<\/label><\/span><span class=\"elementor-field-option\"><input type=\"radio\" value=\"ne sais pas\" id=\"form-field-4aba5b5-2\" name=\"form_fields[4aba5b5]\"> <label for=\"form-field-4aba5b5-2\">ne sais pas<\/label><\/span><\/div>\t\t\t\t<\/div>\n\t\t\t\t\t\t\t\t<div class=\"elementor-field-type-text elementor-field-group elementor-column elementor-field-group-field_6 elementor-col-33\">\n\t\t\t\t\t\t\t\t\t\t\t\t<label for=\"form-field-field_6\" class=\"elementor-field-label\">\n\t\t\t\t\t\t\t\tVille, D\u00e9partement, Pays\t\t\t\t\t\t\t<\/label>\n\t\t\t\t\t\t\t\t\t\t\t\t\t\t<input size=\"1\" type=\"text\" name=\"form_fields[field_6]\" id=\"form-field-field_6\" class=\"elementor-field elementor-size-md  elementor-field-textual\">\n\t\t\t\t\t\t\t\t\t\t\t<\/div>\n\t\t\t\t\t\t\t\t<div class=\"elementor-field-type-checkbox elementor-field-group elementor-column elementor-field-group-field_4 elementor-col-50\">\n\t\t\t\t\t\t\t\t\t\t\t\t<label for=\"form-field-field_4\" class=\"elementor-field-label\">\n\t\t\t\t\t\t\t\tQuel \u00e9l\u00e9ment ou programme vous int\u00e9resse ?\t\t\t\t\t\t\t<\/label>\n\t\t\t\t\t\t<div class=\"elementor-field-subgroup  elementor-subgroup-inline\"><span class=\"elementor-field-option\"><input type=\"checkbox\" value=\"Spoiler de toit\" id=\"form-field-field_4-0\" name=\"form_fields[field_4][]\"> <label for=\"form-field-field_4-0\">Spoiler de toit<\/label><\/span><span class=\"elementor-field-option\"><input type=\"checkbox\" value=\"aileron Darus\" id=\"form-field-field_4-1\" name=\"form_fields[field_4][]\"> <label for=\"form-field-field_4-1\">aileron Darus<\/label><\/span><span class=\"elementor-field-option\"><input type=\"checkbox\" value=\"Aileron 997GT3Evocation\" id=\"form-field-field_4-2\" name=\"form_fields[field_4][]\"> <label for=\"form-field-field_4-2\">Aileron 997GT3Evocation<\/label><\/span><span class=\"elementor-field-option\"><input type=\"checkbox\" value=\"Aileron 996GT3Mk2Evocation\" id=\"form-field-field_4-3\" name=\"form_fields[field_4][]\"> <label for=\"form-field-field_4-3\">Aileron 996GT3Mk2Evocation<\/label><\/span><span class=\"elementor-field-option\"><input type=\"checkbox\" value=\"Aileron Marzal Queue de Canard&quot;\" id=\"form-field-field_4-4\" name=\"form_fields[field_4][]\"> <label for=\"form-field-field_4-4\">Aileron Marzal Queue de Canard\"<\/label><\/span><span class=\"elementor-field-option\"><input type=\"checkbox\" value=\"Programme NOA\" id=\"form-field-field_4-5\" name=\"form_fields[field_4][]\"> <label for=\"form-field-field_4-5\">Programme NOA<\/label><\/span><span class=\"elementor-field-option\"><input type=\"checkbox\" value=\"Programme Facelift997\" id=\"form-field-field_4-6\" name=\"form_fields[field_4][]\"> <label for=\"form-field-field_4-6\">Programme Facelift997<\/label><\/span><span class=\"elementor-field-option\"><input type=\"checkbox\" value=\"Programme IENAFacelift-2023\" id=\"form-field-field_4-7\" name=\"form_fields[field_4][]\"> <label for=\"form-field-field_4-7\">Programme IENAFacelift-2023<\/label><\/span><span class=\"elementor-field-option\"><input type=\"checkbox\" value=\"Programme SportLook-09\" id=\"form-field-field_4-8\" name=\"form_fields[field_4][]\"> <label for=\"form-field-field_4-8\">Programme SportLook-09<\/label><\/span><span class=\"elementor-field-option\"><input type=\"checkbox\" value=\"Programme Total997-09\" id=\"form-field-field_4-9\" name=\"form_fields[field_4][]\"> <label for=\"form-field-field_4-9\">Programme Total997-09<\/label><\/span><span class=\"elementor-field-option\"><input type=\"checkbox\" value=\"Programme Absolute\" id=\"form-field-field_4-10\" name=\"form_fields[field_4][]\"> <label for=\"form-field-field_4-10\">Programme Absolute<\/label><\/span><\/div>\t\t\t\t<\/div>\n\t\t\t\t\t\t\t\t<div class=\"elementor-field-type-radio elementor-field-group elementor-column elementor-field-group-9bdaadb elementor-col-50\">\n\t\t\t\t\t\t\t\t\t\t\t\t<label for=\"form-field-9bdaadb\" class=\"elementor-field-label\">\n\t\t\t\t\t\t\t\tEtes vous int\u00e9ress\u00e9 par une commande\t\t\t\t\t\t\t<\/label>\n\t\t\t\t\t\t<div class=\"elementor-field-subgroup  \"><span class=\"elementor-field-option\"><input type=\"radio\" value=\"imm\u00e9diatement\" id=\"form-field-9bdaadb-0\" name=\"form_fields[9bdaadb]\"> <label for=\"form-field-9bdaadb-0\">imm\u00e9diatement<\/label><\/span><span class=\"elementor-field-option\"><input type=\"radio\" value=\"dans les prochains jours\" id=\"form-field-9bdaadb-1\" name=\"form_fields[9bdaadb]\"> <label for=\"form-field-9bdaadb-1\">dans les prochains jours<\/label><\/span><span class=\"elementor-field-option\"><input type=\"radio\" value=\"dans les prochaines semaines\" id=\"form-field-9bdaadb-2\" name=\"form_fields[9bdaadb]\"> <label for=\"form-field-9bdaadb-2\">dans les prochaines semaines<\/label><\/span><span class=\"elementor-field-option\"><input type=\"radio\" value=\"dans les prochains mois\" id=\"form-field-9bdaadb-3\" name=\"form_fields[9bdaadb]\"> <label for=\"form-field-9bdaadb-3\">dans les prochains mois<\/label><\/span><\/div>\t\t\t\t<\/div>\n\t\t\t\t\t\t\t\t<div class=\"elementor-field-type-radio elementor-field-group elementor-column elementor-field-group-field_b972364 elementor-col-100\">\n\t\t\t\t\t\t\t\t\t\t\t\t<label for=\"form-field-field_b972364\" class=\"elementor-field-label\">\n\t\t\t\t\t\t\t\tComment avez vous connu notre entreprise\t\t\t\t\t\t\t<\/label>\n\t\t\t\t\t\t<div class=\"elementor-field-subgroup  elementor-subgroup-inline\"><span class=\"elementor-field-option\"><input type=\"radio\" value=\"Google\" id=\"form-field-field_b972364-0\" name=\"form_fields[field_b972364]\"> <label for=\"form-field-field_b972364-0\">Google<\/label><\/span><span class=\"elementor-field-option\"><input type=\"radio\" value=\"Facebook\" id=\"form-field-field_b972364-1\" name=\"form_fields[field_b972364]\"> <label for=\"form-field-field_b972364-1\">Facebook<\/label><\/span><span class=\"elementor-field-option\"><input type=\"radio\" value=\"Ebay\" id=\"form-field-field_b972364-2\" name=\"form_fields[field_b972364]\"> <label for=\"form-field-field_b972364-2\">Ebay<\/label><\/span><span class=\"elementor-field-option\"><input type=\"radio\" value=\"Ambassadeur-Jacquemond\" id=\"form-field-field_b972364-3\" name=\"form_fields[field_b972364]\"> <label for=\"form-field-field_b972364-3\">Ambassadeur-Jacquemond<\/label><\/span><span class=\"elementor-field-option\"><input type=\"radio\" value=\"Bouche \u00e0 oreille\" id=\"form-field-field_b972364-4\" name=\"form_fields[field_b972364]\"> <label for=\"form-field-field_b972364-4\">Bouche \u00e0 oreille<\/label><\/span><span class=\"elementor-field-option\"><input type=\"radio\" value=\"Autre client\" id=\"form-field-field_b972364-5\" name=\"form_fields[field_b972364]\"> <label for=\"form-field-field_b972364-5\">Autre client<\/label><\/span><span class=\"elementor-field-option\"><input type=\"radio\" value=\"Autre...\" id=\"form-field-field_b972364-6\" name=\"form_fields[field_b972364]\"> <label for=\"form-field-field_b972364-6\">Autre...<\/label><\/span><span class=\"elementor-field-option\"><input type=\"radio\" value=\"\" id=\"form-field-field_b972364-7\" name=\"form_fields[field_b972364]\"> <label for=\"form-field-field_b972364-7\"><\/label><\/span><\/div>\t\t\t\t<\/div>\n\t\t\t\t\t\t\t\t<div class=\"elementor-field-type-text elementor-field-group elementor-column elementor-field-group-field_2bdde08 elementor-col-100\">\n\t\t\t\t\t\t\t\t\t\t\t\t\t<input size=\"1\" type=\"text\" name=\"form_fields[field_2bdde08]\" id=\"form-field-field_2bdde08\" class=\"elementor-field elementor-size-md  elementor-field-textual\" placeholder=\"Eventuel code de votre Ambassadeur-Jacquemond.\">\n\t\t\t\t\t\t\t\t\t\t\t<\/div>\n\t\t\t\t\t\t\t\t<div class=\"elementor-field-group elementor-column elementor-field-type-submit elementor-col-25 e-form__buttons\">\n\t\t\t\t\t<button class=\"elementor-button elementor-size-md\" type=\"submit\">\n\t\t\t\t\t\t<span class=\"elementor-button-content-wrapper\">\n\t\t\t\t\t\t\t\t\t\t\t\t\t\t\t\t\t\t\t\t\t\t<span class=\"elementor-button-text\">Envoyer<\/span>\n\t\t\t\t\t\t\t\t\t\t\t\t\t<\/span>\n\t\t\t\t\t<\/button>\n\t\t\t\t<\/div>\n\t\t\t<\/div>\n\t\t<\/form>\n\t\t\t\t\t\t<\/div>\n\t\t\t\t<\/div>\n\t\t\t\t\t<\/div>\n\t\t<\/div>\n\t\t\t\t\t<\/div>\n\t\t<\/section>\n\t\t\t\t<\/div>\n\t\t","protected":false},"excerpt":{"rendered":"<p>Porsche 996<\/p>\n","protected":false},"author":1,"featured_media":0,"parent":0,"menu_order":0,"comment_status":"closed","ping_status":"closed","template":"","meta":{"_monsterinsights_skip_tracking":false,"_monsterinsights_sitenote_active":false,"_monsterinsights_sitenote_note":"","_monsterinsights_sitenote_category":0,"footnotes":""},"class_list":["post-21374","page","type-page","status-publish","hentry"],"_links":{"self":[{"href":"https:\/\/jacquemond-france.com\/index.php\/wp-json\/wp\/v2\/pages\/21374","targetHints":{"allow":["GET"]}}],"collection":[{"href":"https:\/\/jacquemond-france.com\/index.php\/wp-json\/wp\/v2\/pages"}],"about":[{"href":"https:\/\/jacquemond-france.com\/index.php\/wp-json\/wp\/v2\/types\/page"}],"author":[{"embeddable":true,"href":"https:\/\/jacquemond-france.com\/index.php\/wp-json\/wp\/v2\/users\/1"}],"replies":[{"embeddable":true,"href":"https:\/\/jacquemond-france.com\/index.php\/wp-json\/wp\/v2\/comments?post=21374"}],"version-history":[{"count":44,"href":"https:\/\/jacquemond-france.com\/index.php\/wp-json\/wp\/v2\/pages\/21374\/revisions"}],"predecessor-version":[{"id":28807,"href":"https:\/\/jacquemond-france.com\/index.php\/wp-json\/wp\/v2\/pages\/21374\/revisions\/28807"}],"wp:attachment":[{"href":"https:\/\/jacquemond-france.com\/index.php\/wp-json\/wp\/v2\/media?parent=21374"}],"curies":[{"name":"wp","href":"https:\/\/api.w.org\/{rel}","templated":true}]}}