{"id":21402,"date":"2023-01-12T08:46:05","date_gmt":"2023-01-12T07:46:05","guid":{"rendered":"http:\/\/jacquemond-france.com\/?page_id=21402"},"modified":"2026-03-02T09:04:56","modified_gmt":"2026-03-02T08:04:56","slug":"tarifs-992-janvier-2023","status":"publish","type":"page","link":"https:\/\/jacquemond-france.com\/index.php\/tarifs-992-janvier-2023\/","title":{"rendered":"Tarifs 992 janvier 2023"},"content":{"rendered":"\t\t<div data-elementor-type=\"wp-page\" data-elementor-id=\"21402\" class=\"elementor elementor-21402\" data-elementor-post-type=\"page\">\n\t\t\t\t\t\t<section class=\"elementor-section elementor-top-section elementor-element elementor-element-533d96a9 elementor-section-boxed elementor-section-height-default elementor-section-height-default\" data-id=\"533d96a9\" data-element_type=\"section\">\n\t\t\t\t\t\t<div class=\"elementor-container elementor-column-gap-default\">\n\t\t\t\t\t<div class=\"elementor-column elementor-col-100 elementor-top-column elementor-element elementor-element-5accb890\" data-id=\"5accb890\" data-element_type=\"column\">\n\t\t\t<div class=\"elementor-widget-wrap elementor-element-populated\">\n\t\t\t\t\t\t<div class=\"elementor-element elementor-element-42c22d08 elementor-widget elementor-widget-text-editor\" data-id=\"42c22d08\" data-element_type=\"widget\" data-widget_type=\"text-editor.default\">\n\t\t\t\t<div class=\"elementor-widget-container\">\n\t\t\t\t\t\t\t\t\t\t\t\t\t\t\t\t\t<\/div>\n\t\t\t\t<\/div>\n\t\t\t\t\t<\/div>\n\t\t<\/div>\n\t\t\t\t\t<\/div>\n\t\t<\/section>\n\t\t\t\t<section class=\"elementor-section elementor-top-section elementor-element elementor-element-ceb2be3 elementor-section-height-min-height elementor-section-items-stretch elementor-section-stretched elementor-section-boxed elementor-section-height-default\" data-id=\"ceb2be3\" data-element_type=\"section\" data-settings=\"{&quot;stretch_section&quot;:&quot;section-stretched&quot;,&quot;background_background&quot;:&quot;classic&quot;}\">\n\t\t\t\t\t\t<div class=\"elementor-container elementor-column-gap-default\">\n\t\t\t\t\t<div class=\"elementor-column elementor-col-100 elementor-top-column elementor-element elementor-element-e499a31\" data-id=\"e499a31\" data-element_type=\"column\">\n\t\t\t<div class=\"elementor-widget-wrap elementor-element-populated\">\n\t\t\t\t\t\t<div class=\"elementor-element elementor-element-f46030e elementor-widget elementor-widget-heading\" data-id=\"f46030e\" data-element_type=\"widget\" data-widget_type=\"heading.default\">\n\t\t\t\t<div class=\"elementor-widget-container\">\n\t\t\t\t\t<h2 class=\"elementor-heading-title elementor-size-default\">Porsche <b>992<\/b> <\/h2>\t\t\t\t<\/div>\n\t\t\t\t<\/div>\n\t\t\t\t<div class=\"elementor-element elementor-element-7990ca1 elementor-button-align-stretch elementor-widget elementor-widget-form\" data-id=\"7990ca1\" data-element_type=\"widget\" data-settings=\"{&quot;button_width&quot;:&quot;25&quot;,&quot;step_next_label&quot;:&quot;Suivant&quot;,&quot;step_previous_label&quot;:&quot;Pr\\u00e9c\\u00e9dent&quot;,&quot;step_type&quot;:&quot;number_text&quot;,&quot;step_icon_shape&quot;:&quot;circle&quot;}\" data-widget_type=\"form.default\">\n\t\t\t\t<div class=\"elementor-widget-container\">\n\t\t\t\t\t\t\t<form class=\"elementor-form\" method=\"post\" name=\"New Form\">\n\t\t\t<input type=\"hidden\" name=\"post_id\" value=\"21402\"\/>\n\t\t\t<input type=\"hidden\" name=\"form_id\" value=\"7990ca1\"\/>\n\t\t\t<input type=\"hidden\" name=\"referer_title\" value=\"\" \/>\n\n\t\t\t\n\t\t\t<div class=\"elementor-form-fields-wrapper elementor-labels-above\">\n\t\t\t\t\t\t\t\t<div class=\"elementor-field-type-text elementor-field-group elementor-column elementor-field-group-name elementor-col-33\">\n\t\t\t\t\t\t\t\t\t\t\t\t\t<input size=\"1\" type=\"text\" name=\"form_fields[name]\" id=\"form-field-name\" class=\"elementor-field elementor-size-md  elementor-field-textual\" placeholder=\"Nom, pr\u00e9nom\">\n\t\t\t\t\t\t\t\t\t\t\t<\/div>\n\t\t\t\t\t\t\t\t<div class=\"elementor-field-type-email elementor-field-group elementor-column elementor-field-group-email elementor-col-33\">\n\t\t\t\t\t\t\t\t\t\t\t\t\t<input size=\"1\" type=\"email\" name=\"form_fields[email]\" id=\"form-field-email\" class=\"elementor-field elementor-size-md  elementor-field-textual\" placeholder=\"Email\">\n\t\t\t\t\t\t\t\t\t\t\t<\/div>\n\t\t\t\t\t\t\t\t<div class=\"elementor-field-type-text elementor-field-group elementor-column elementor-field-group-field_5 elementor-col-33\">\n\t\t\t\t\t\t\t\t\t\t\t\t\t<input size=\"1\" type=\"text\" name=\"form_fields[field_5]\" id=\"form-field-field_5\" class=\"elementor-field elementor-size-md  elementor-field-textual\" placeholder=\"Num\u00e9ro de t\u00e9l\u00e9phone\">\n\t\t\t\t\t\t\t\t\t\t\t<\/div>\n\t\t\t\t\t\t\t\t<div class=\"elementor-field-type-radio elementor-field-group elementor-column elementor-field-group-field_48bcc77 elementor-col-33\">\n\t\t\t\t\t\t\t\t\t\t\t\t<label for=\"form-field-field_48bcc77\" class=\"elementor-field-label\">\n\t\t\t\t\t\t\t\tCarrosserie\t\t\t\t\t\t\t<\/label>\n\t\t\t\t\t\t<div class=\"elementor-field-subgroup  \"><span class=\"elementor-field-option\"><input type=\"radio\" value=\"Coup\u00e9\" id=\"form-field-field_48bcc77-0\" name=\"form_fields[field_48bcc77]\"> <label for=\"form-field-field_48bcc77-0\">Coup\u00e9<\/label><\/span><span class=\"elementor-field-option\"><input type=\"radio\" value=\"Targa \" id=\"form-field-field_48bcc77-1\" name=\"form_fields[field_48bcc77]\"> <label for=\"form-field-field_48bcc77-1\">Targa <\/label><\/span><span class=\"elementor-field-option\"><input type=\"radio\" value=\"Cabriolet \" id=\"form-field-field_48bcc77-2\" name=\"form_fields[field_48bcc77]\"> <label for=\"form-field-field_48bcc77-2\">Cabriolet <\/label><\/span><\/div>\t\t\t\t<\/div>\n\t\t\t\t\t\t\t\t<div class=\"elementor-field-type-text elementor-field-group elementor-column elementor-field-group-field_3c0684a elementor-col-30\">\n\t\t\t\t\t\t\t\t\t\t\t\t<label for=\"form-field-field_3c0684a\" class=\"elementor-field-label\">\n\t\t\t\t\t\t\t\tQuelle Ann\u00e9e  ?\t\t\t\t\t\t\t<\/label>\n\t\t\t\t\t\t\t\t\t\t\t\t\t\t<input size=\"1\" type=\"text\" name=\"form_fields[field_3c0684a]\" id=\"form-field-field_3c0684a\" class=\"elementor-field elementor-size-md  elementor-field-textual\">\n\t\t\t\t\t\t\t\t\t\t\t<\/div>\n\t\t\t\t\t\t\t\t<div class=\"elementor-field-type-text elementor-field-group elementor-column elementor-field-group-field_b6b9218 elementor-col-33\">\n\t\t\t\t\t\t\t\t\t\t\t\t<label for=\"form-field-field_b6b9218\" class=\"elementor-field-label\">\n\t\t\t\t\t\t\t\tQuelle Couleur ?\t\t\t\t\t\t\t<\/label>\n\t\t\t\t\t\t\t\t\t\t\t\t\t\t<input size=\"1\" type=\"text\" name=\"form_fields[field_b6b9218]\" id=\"form-field-field_b6b9218\" class=\"elementor-field elementor-size-md  elementor-field-textual\" placeholder=\"Blanche, jaune, ...\">\n\t\t\t\t\t\t\t\t\t\t\t<\/div>\n\t\t\t\t\t\t\t\t<div class=\"elementor-field-type-radio elementor-field-group elementor-column elementor-field-group-4aba5b5 elementor-col-33\">\n\t\t\t\t\t\t\t\t\t\t\t\t<label for=\"form-field-4aba5b5\" class=\"elementor-field-label\">\n\t\t\t\t\t\t\t\tEtes vous int\u00e9ress\u00e9 par le montage dans nos ateliers ?\t\t\t\t\t\t\t<\/label>\n\t\t\t\t\t\t<div class=\"elementor-field-subgroup  elementor-subgroup-inline\"><span class=\"elementor-field-option\"><input type=\"radio\" value=\"oui\" id=\"form-field-4aba5b5-0\" name=\"form_fields[4aba5b5]\"> <label for=\"form-field-4aba5b5-0\">oui<\/label><\/span><span class=\"elementor-field-option\"><input type=\"radio\" value=\"non\" id=\"form-field-4aba5b5-1\" name=\"form_fields[4aba5b5]\"> <label for=\"form-field-4aba5b5-1\">non<\/label><\/span><span class=\"elementor-field-option\"><input type=\"radio\" value=\"ne sais pas\" id=\"form-field-4aba5b5-2\" name=\"form_fields[4aba5b5]\"> <label for=\"form-field-4aba5b5-2\">ne sais pas<\/label><\/span><\/div>\t\t\t\t<\/div>\n\t\t\t\t\t\t\t\t<div class=\"elementor-field-type-text elementor-field-group elementor-column elementor-field-group-field_6 elementor-col-33\">\n\t\t\t\t\t\t\t\t\t\t\t\t<label for=\"form-field-field_6\" class=\"elementor-field-label\">\n\t\t\t\t\t\t\t\tVille, D\u00e9partement, Pays\t\t\t\t\t\t\t<\/label>\n\t\t\t\t\t\t\t\t\t\t\t\t\t\t<input size=\"1\" type=\"text\" name=\"form_fields[field_6]\" id=\"form-field-field_6\" class=\"elementor-field elementor-size-md  elementor-field-textual\" placeholder=\"Lyon, Rhone, France\">\n\t\t\t\t\t\t\t\t\t\t\t<\/div>\n\t\t\t\t\t\t\t\t<div class=\"elementor-field-type-radio elementor-field-group elementor-column elementor-field-group-9bdaadb elementor-col-33\">\n\t\t\t\t\t\t\t\t\t\t\t\t<label for=\"form-field-9bdaadb\" class=\"elementor-field-label\">\n\t\t\t\t\t\t\t\tEtes vous int\u00e9ress\u00e9 par une commande\t\t\t\t\t\t\t<\/label>\n\t\t\t\t\t\t<div class=\"elementor-field-subgroup  \"><span class=\"elementor-field-option\"><input type=\"radio\" value=\"imm\u00e9diatement\" id=\"form-field-9bdaadb-0\" name=\"form_fields[9bdaadb]\"> <label for=\"form-field-9bdaadb-0\">imm\u00e9diatement<\/label><\/span><span class=\"elementor-field-option\"><input type=\"radio\" value=\"dans les prochains jours\" id=\"form-field-9bdaadb-1\" name=\"form_fields[9bdaadb]\"> <label for=\"form-field-9bdaadb-1\">dans les prochains jours<\/label><\/span><span class=\"elementor-field-option\"><input type=\"radio\" value=\"dans les prochaines semaines\" id=\"form-field-9bdaadb-2\" name=\"form_fields[9bdaadb]\"> <label for=\"form-field-9bdaadb-2\">dans les prochaines semaines<\/label><\/span><span class=\"elementor-field-option\"><input type=\"radio\" value=\"dans les prochains mois\" id=\"form-field-9bdaadb-3\" name=\"form_fields[9bdaadb]\"> <label for=\"form-field-9bdaadb-3\">dans les prochains mois<\/label><\/span><\/div>\t\t\t\t<\/div>\n\t\t\t\t\t\t\t\t<div class=\"elementor-field-type-radio elementor-field-group elementor-column elementor-field-group-field_02e5531 elementor-col-100\">\n\t\t\t\t\t\t\t\t\t\t\t\t<label for=\"form-field-field_02e5531\" class=\"elementor-field-label\">\n\t\t\t\t\t\t\t\tComment avez vous connu notre entreprise\t\t\t\t\t\t\t<\/label>\n\t\t\t\t\t\t<div class=\"elementor-field-subgroup  elementor-subgroup-inline\"><span class=\"elementor-field-option\"><input type=\"radio\" value=\"Google\" id=\"form-field-field_02e5531-0\" name=\"form_fields[field_02e5531]\"> <label for=\"form-field-field_02e5531-0\">Google<\/label><\/span><span class=\"elementor-field-option\"><input type=\"radio\" value=\"Facebook\" id=\"form-field-field_02e5531-1\" name=\"form_fields[field_02e5531]\"> <label for=\"form-field-field_02e5531-1\">Facebook<\/label><\/span><span class=\"elementor-field-option\"><input type=\"radio\" value=\"Ebay\" id=\"form-field-field_02e5531-2\" name=\"form_fields[field_02e5531]\"> <label for=\"form-field-field_02e5531-2\">Ebay<\/label><\/span><span class=\"elementor-field-option\"><input type=\"radio\" value=\"Ambassadeur-Jacquemond\" id=\"form-field-field_02e5531-3\" name=\"form_fields[field_02e5531]\"> <label for=\"form-field-field_02e5531-3\">Ambassadeur-Jacquemond<\/label><\/span><span class=\"elementor-field-option\"><input type=\"radio\" value=\"Bouche \u00e0 oreille\" id=\"form-field-field_02e5531-4\" name=\"form_fields[field_02e5531]\"> <label for=\"form-field-field_02e5531-4\">Bouche \u00e0 oreille<\/label><\/span><span class=\"elementor-field-option\"><input type=\"radio\" value=\"Autre client\" id=\"form-field-field_02e5531-5\" name=\"form_fields[field_02e5531]\"> <label for=\"form-field-field_02e5531-5\">Autre client<\/label><\/span><span class=\"elementor-field-option\"><input type=\"radio\" value=\"Autre...\" id=\"form-field-field_02e5531-6\" name=\"form_fields[field_02e5531]\"> <label for=\"form-field-field_02e5531-6\">Autre...<\/label><\/span><\/div>\t\t\t\t<\/div>\n\t\t\t\t\t\t\t\t<div class=\"elementor-field-group elementor-column elementor-field-type-submit elementor-col-25 e-form__buttons\">\n\t\t\t\t\t<button class=\"elementor-button elementor-size-md\" type=\"submit\">\n\t\t\t\t\t\t<span class=\"elementor-button-content-wrapper\">\n\t\t\t\t\t\t\t\t\t\t\t\t\t\t\t\t\t\t\t\t\t\t<span class=\"elementor-button-text\">Envoyer<\/span>\n\t\t\t\t\t\t\t\t\t\t\t\t\t<\/span>\n\t\t\t\t\t<\/button>\n\t\t\t\t<\/div>\n\t\t\t<\/div>\n\t\t<\/form>\n\t\t\t\t\t\t<\/div>\n\t\t\t\t<\/div>\n\t\t\t\t<div class=\"elementor-element elementor-element-9497685 elementor-widget elementor-widget-image\" data-id=\"9497685\" data-element_type=\"widget\" data-widget_type=\"image.default\">\n\t\t\t\t<div class=\"elementor-widget-container\">\n\t\t\t\t\t\t\t\t\t\t\t\t\t\t\t<img fetchpriority=\"high\" decoding=\"async\" width=\"2000\" height=\"659\" src=\"https:\/\/jacquemond-france.com\/wp-content\/uploads\/2024\/10\/992transp2.jpg\" class=\"attachment-full size-full wp-image-26000\" alt=\"Aileron spoiler Queue de Canard pour Porsche 992 par Jacquemond\" srcset=\"https:\/\/jacquemond-france.com\/wp-content\/uploads\/2024\/10\/992transp2.jpg 2000w, https:\/\/jacquemond-france.com\/wp-content\/uploads\/2024\/10\/992transp2-300x99.jpg 300w, https:\/\/jacquemond-france.com\/wp-content\/uploads\/2024\/10\/992transp2-1024x337.jpg 1024w, https:\/\/jacquemond-france.com\/wp-content\/uploads\/2024\/10\/992transp2-768x253.jpg 768w, https:\/\/jacquemond-france.com\/wp-content\/uploads\/2024\/10\/992transp2-1536x506.jpg 1536w\" sizes=\"100vw\" \/>\t\t\t\t\t\t\t\t\t\t\t\t\t\t\t<\/div>\n\t\t\t\t<\/div>\n\t\t\t\t\t<\/div>\n\t\t<\/div>\n\t\t\t\t\t<\/div>\n\t\t<\/section>\n\t\t\t\t<\/div>\n\t\t","protected":false},"excerpt":{"rendered":"<p>Porsche 992<\/p>\n","protected":false},"author":1,"featured_media":0,"parent":0,"menu_order":0,"comment_status":"closed","ping_status":"closed","template":"","meta":{"_monsterinsights_skip_tracking":false,"_monsterinsights_sitenote_active":false,"_monsterinsights_sitenote_note":"","_monsterinsights_sitenote_category":0,"footnotes":""},"class_list":["post-21402","page","type-page","status-publish","hentry"],"_links":{"self":[{"href":"https:\/\/jacquemond-france.com\/index.php\/wp-json\/wp\/v2\/pages\/21402","targetHints":{"allow":["GET"]}}],"collection":[{"href":"https:\/\/jacquemond-france.com\/index.php\/wp-json\/wp\/v2\/pages"}],"about":[{"href":"https:\/\/jacquemond-france.com\/index.php\/wp-json\/wp\/v2\/types\/page"}],"author":[{"embeddable":true,"href":"https:\/\/jacquemond-france.com\/index.php\/wp-json\/wp\/v2\/users\/1"}],"replies":[{"embeddable":true,"href":"https:\/\/jacquemond-france.com\/index.php\/wp-json\/wp\/v2\/comments?post=21402"}],"version-history":[{"count":63,"href":"https:\/\/jacquemond-france.com\/index.php\/wp-json\/wp\/v2\/pages\/21402\/revisions"}],"predecessor-version":[{"id":28792,"href":"https:\/\/jacquemond-france.com\/index.php\/wp-json\/wp\/v2\/pages\/21402\/revisions\/28792"}],"wp:attachment":[{"href":"https:\/\/jacquemond-france.com\/index.php\/wp-json\/wp\/v2\/media?parent=21402"}],"curies":[{"name":"wp","href":"https:\/\/api.w.org\/{rel}","templated":true}]}}